{"id":2054,"date":"2024-01-15T16:27:58","date_gmt":"2024-01-15T15:27:58","guid":{"rendered":"https:\/\/www.ausolan.com\/?page_id=2054"},"modified":"2024-04-10T09:19:17","modified_gmt":"2024-04-10T07:19:17","slug":"politica-de-privacidade","status":"publish","type":"page","link":"https:\/\/www.ausolan.com\/gl\/politica-de-privacidade\/","title":{"rendered":"Pol\u00edtica de Privacidade"},"content":{"rendered":"\n<p>AUZO LAGUN, S.COOP (en diante, \u201cAUSOLAN\u201d) \u00e9 unha cooperativa con domicilio na Avenida Uribarri, 35, 20500, Arrasate-Mondrag\u00f3n (Guip\u00fascoa), con C.I.F. F-20032553 e est\u00e1 inscrita no Rexistro de Cooperativas de Euskadi no Folio 23, Asento 4, N\u00famero 1361.<\/p>\n\n\n\n<h2 class=\"wp-block-heading has-medium-font-size\">1. <strong>Finalidade<\/strong><\/h2>\n\n\n\n<p>Mediante o uso deste Sitio Web e\/ou ao comunicarse de forma electr\u00f3nica con AUSOLAN, poderanse recoller e tratar os datos persoais de cada Usuario. O tratamento dos datos persoais r\u00e9xese por esta Pol\u00edtica de Privacidade. Todos os termos que se incl\u00faen nesta Pol\u00edtica de Privacidade ter\u00e1n o significado que se establece nas Condici\u00f3ns de Uso (que se poden consultar nesta ligaz\u00f3n), excepto no caso de que se definan expresamente nesta Pol\u00edtica de Privacidade.<\/p>\n\n\n\n<p>Neste documento atopar\u00e1 informaci\u00f3n para o seu interese en relaci\u00f3n a como AUSOLAN trata os seus datos persoais e os dereitos que pos\u00fae en virtude da normativa vixente en materia de protecci\u00f3n de datos.<\/p>\n\n\n\n<h2 class=\"wp-block-heading has-medium-font-size\">2. <strong>Responsable do tratamento<\/strong><\/h2>\n\n\n\n<p>O responsable do tratamento dos datos persoais que o Usuario facilite mediante o Sitio Web \u00e9 AUSOLAN, con domicilio social para estes efectos en Avenida Uribarri, 35, 20500, Arrasate-Mondrag\u00f3n (Espa\u00f1a). O Usuario pode contactar co delegado de protecci\u00f3n de datos de AUSOLAN mediante as seguintes canles:<\/p>\n\n\n\n<ul class=\"wp-block-list\">\n<li>De forma presencial ou por correo postal dirixido \u00e1 sede central, cuxo enderezo se mencionou antes.<\/li>\n\n\n\n<li>Mediante o seguinte enderezo de correo electr\u00f3nico:&nbsp;<a href=\"mailto:lopd@ausolan.com\">lopd@ausolan.com<\/a>.<\/li>\n<\/ul>\n\n\n\n<h2 class=\"wp-block-heading has-medium-font-size\">3. <strong>Datos que se recollen<\/strong><\/h2>\n\n\n\n<p>O tipo de datos persoais que recollemos e tratamos dos Usuarios no Sitio Web son os seguintes:<\/p>\n\n\n\n<ol class=\"wp-block-list\" start=\"1\" style=\"list-style-type:lower-alpha\">\n<li>Enderezo IP, Rastros e similares. O enderezo IP \u00e9 un c\u00f3digo que identifica a conexi\u00f3n a Internet do Usuario nun momento concreto, e os Rastros son ficheiros que se descargan no navegador do Usuario e que poden lerse despois polo sitio web.<\/li>\n<\/ol>\n\n\n\n<p>Con todo, non se pode determinar a identidade do Usuario con estes datos, excepto se proporciona informaci\u00f3n adicional mediante outros medios. Pode consultar m\u00e1is informaci\u00f3n na nosa Pol\u00edtica de Rastros.<\/p>\n\n\n\n<ol class=\"wp-block-list\" start=\"2\" style=\"list-style-type:lower-alpha\">\n<li>Subscrici\u00f3n aos nosos bolet\u00edns e\/ou publicaci\u00f3ns. Os datos que recollemos ser\u00e1n os datos de identificaci\u00f3n necesarios para entregarlle o contido ao que se subscribiu.<\/li>\n\n\n\n<li>Inscrici\u00f3n dos candidatos nun posto de traballo. Os datos que recollemos ser\u00e1n os datos de identificaci\u00f3n necesarios para o proceso de selecci\u00f3n e contrataci\u00f3n.<\/li>\n<\/ol>\n\n\n\n<h2 class=\"wp-block-heading has-medium-font-size\">4. <strong>Finalidades do tratamento<\/strong><\/h2>\n\n\n\n<p>Inform\u00e1moslle que os datos que nos facilite por calquera medio (p\u00e1xina web, correo electr\u00f3nico, formularios e\/ou calquera outro documento) incorporaranse a un ficheiro propiedade de AUSOLAN.<\/p>\n\n\n\n<p>AUSOLAN tratar\u00e1 a informaci\u00f3n que faciliten as persoas interesadas \u200b\u200bpara as seguintes finalidades:<\/p>\n\n\n\n<ul class=\"wp-block-list\">\n<li><strong>Xestionar calquera tipo de solicitude, suxesti\u00f3n ou petici\u00f3n<\/strong>&nbsp;sobre os nosos servizos profesionais que realicen as persoas interesadas.<\/li>\n\n\n\n<li><strong>Prestaci\u00f3n de servizos<\/strong>: os datos que facilita ao rexistrarse cos seus datos mediante calquera dos sitios web e plataformas vinculadas a AUSOLAN ou mediante calquera formulario de alta como comensal, trataranse coa finalidade de ofrecerlle o servizo que solicitou e, de ser o caso, realizar a facturaci\u00f3n. Os datos que se recollen e tratan son os exclusivos para a s\u00faa identificaci\u00f3n nos nosos sistemas.<\/li>\n\n\n\n<li><strong>Comunicaci\u00f3ns comerciais:<\/strong>&nbsp;tratamento dos seus datos coa finalidade de informarlle sobre actividades, artigos de interese e informaci\u00f3n xeral acerca dos nosos servizos por correo electr\u00f3nico. As persoas interesadas poder\u00e1n darse de baixa destas comunicaci\u00f3ns no seguinte enderezo de correo electr\u00f3nico: <a href=\"mailto:ausolan@ausolan.com\">ausolan@ausolan.com<\/a>.<\/li>\n\n\n\n<li><strong>Xestionar os datos que proporcionen os candidatos a un posto de traballo mediante o Curr\u00edculum V\u00edtae (CV)<\/strong> no formulario da secci\u00f3n \u201cTraballa connosco\u201d, para os efectos do proceso de selecci\u00f3n e contrataci\u00f3n. Vostede autoriza de forma expresa a AUSOLAN para que realice o tratamento dos seus datos coa finalidade que se indica. AUSOLAN tratar\u00e1 os seus datos e a informaci\u00f3n que proporcione para os procesos de selecci\u00f3n coa m\u00e1is estrita confidencialidade, adoptando para este fin as medidas t\u00e9cnicas e organizativas necesarias para evitar a perda, mal uso, alteraci\u00f3n e\/ou acceso non autorizado. Da mesma forma, inform\u00e1moslle de que AUSOLAN poder\u00e1 manter o seu Curr\u00edculum V\u00edtae durante un prazo m\u00e1ximo dun ano. Ao rematar este prazo, destruirase automaticamente, cumprindo co principio de calidade dos datos.<\/li>\n<\/ul>\n\n\n\n<h2 class=\"wp-block-heading has-medium-font-size\">5. <strong>Lexitimaci\u00f3n e conservaci\u00f3n<\/strong><\/h2>\n\n\n\n<p>A lexitimaci\u00f3n para o tratamento do enderezo IP \u00e9 a necesidade de permitir a conexi\u00f3n co Sitio Web mediante Internet. O interese lex\u00edtimo de AUSOLAN \u00e9 manter a relaci\u00f3n existente co Usuario e enviar informaci\u00f3n das actividades da sociedade. A base xur\u00eddica na que se basea este tratamento \u00e9 a relaci\u00f3n contractual ou a propia oferta de servizos e o interese lex\u00edtimo para a mercadotecnia.<\/p>\n\n\n\n<p>A base legal para o tratamento dos datos \u00e9 o consentimento das persoas interesadas \u200b\u200bpara o tratamento e xesti\u00f3n de calquera solicitude de informaci\u00f3n ou consulta sobre os nosos servizos profesionais, as\u00ed como para as comunicaci\u00f3ns comerciais que env\u00ede AUSOLAN.<\/p>\n\n\n\n<p>AUSOLAN recoller\u00e1 e tratar\u00e1 os seus datos mentres a relaci\u00f3n siga vixente e, de ser o caso, mentres o Usuario non revogue o consentimento que deu para o tratamento dos seus datos. En todo caso, cando os datos persoais xa non sexan necesarios para a finalidade para a que se recolleron e mentres existan responsabilidades legais ou contractuais que requiran mantelos, conservaranse de forma bloqueada ata que se cancelen de xeito definitivo.<\/p>\n\n\n\n<p>No caso de que se traten datos para enviar comunicaci\u00f3ns, poderanse manter mentres o Usuario non se opo\u00f1a a recibir as estas comunicaci\u00f3ns por ning\u00fan dos medios que se po\u00f1en \u00e1 s\u00faa disposici\u00f3n.<\/p>\n\n\n\n<h2 class=\"wp-block-heading has-medium-font-size\">6. <strong>Comunicaci\u00f3n e transferencia de datos<\/strong><\/h2>\n\n\n\n<p>AUSOLAN non comunicar\u00e1 estes datos a terceiros, excepto cando sexa estritamente necesario para xestionar e manter a relaci\u00f3n con AUSOLAN ou se vostede o autoriza con anterioridade. En particular, s\u00f3 ter\u00e1n acceso aos datos persoais os terceiros cos que AUSOLAN te\u00f1a unha obriga contractual ou legal. Non se consideran terceiros as empresas e entidades que pertencen ao Grupo AUSOLAN, nos termos que se indican no artigo 42 do C\u00f3digo de Comercio.<\/p>\n\n\n\n<p>Tampouco se prev\u00e9n transferencias de datos persoais f\u00f3ra de Espa\u00f1a ou Europa para os tratamentos que se definen. P\u00f3dense realizar comunicaci\u00f3ns de datos \u00e1s administraci\u00f3ns p\u00fablicas para cumprir coas obrigas legais de cada tratamento.<\/p>\n\n\n\n<h2 class=\"wp-block-heading has-medium-font-size\">7. <strong>Dereitos<\/strong><\/h2>\n\n\n\n<p>Os Usuarios te\u00f1en dereito a exercer en calquera momento, nos termos que establece a lexislaci\u00f3n vixente, os seus dereitos de acceso, rectificaci\u00f3n ou supresi\u00f3n dos datos, solicitar que se limite o tratamento, opo\u00f1erse a el, solicitar a portabilidade dos seus datos, as\u00ed como revogar o consentimento que prestaron, ao dirixirse por escrito ao enderezo que se menciona ao comezo deste documento ou ao enderezo de correo electr\u00f3nico&nbsp;<a href=\"mailto:lopd@ausolan.com\">lopd@ausolan.com<\/a>, indicando claramente o dereito que desexa exercer e inclu\u00edndo o Documento Nacional de Identidade ou un documento de identificaci\u00f3n similar que acredite a s\u00faa identidade. Da mesma forma, poder\u00e1 presentar unha reclamaci\u00f3n ante a Axencia Espa\u00f1ola de Protecci\u00f3n de Datos ou a autoridade de protecci\u00f3n de datos competente.<\/p>\n\n\n\n<p>No caso de que os Usuarios nos entreguen datos persoais de terceiros, o Usuario garante que os informou antes de inclu\u00edlos dos extremos que cont\u00e9n esta Pol\u00edtica de Privacidade, respondendo persoalmente ante AUSOLAN dos danos e perdas que poidan derivarse en caso de contravenci\u00f3n.<\/p>\n\n\n\n<p>O Usuario comprom\u00e9tese a notificar calquera cambio ou modificaci\u00f3n dos datos persoais que facilite. Calquera perda ou dano que se provoque ao Sitio Web, a AUSOLAN ou a calquera terceiro pola comunicaci\u00f3n de informaci\u00f3n err\u00f3nea, inexacta ou incompleta s\u00f3 ser\u00e1 responsabilidade do Usuario.<\/p>\n\n\n\n<h2 class=\"wp-block-heading has-medium-font-size\">8. <strong>Actualizaci\u00f3n da Pol\u00edtica de Privacidade<\/strong><\/h2>\n\n\n\n<p>Esta Pol\u00edtica de Seguridade entra en vigor o 21\/03\/2024. Pode que se deba actualizar esta Pol\u00edtica de Privacidade, polo que \u00e9 necesario que a revise periodicamente e, de ser posible, cada vez que acceda ao Sitio Web para ter informaci\u00f3n adecuada sobre o tipo de informaci\u00f3n que se recompila e o seu tratamento. Pode atopar a Pol\u00edtica de Privacidade no p\u00e9 de p\u00e1xina do Sitio Web.<\/p>\n","protected":false},"excerpt":{"rendered":"<p>AUZO LAGUN, S.COOP (en diante, \u201cAUSOLAN\u201d) \u00e9 unha cooperativa con domicilio na Avenida Uribarri, 35, 20500, Arrasate-Mondrag\u00f3n (Guip\u00fascoa), con C.I.F. F-20032553 e est\u00e1 inscrita no Rexistro de Cooperativas de Euskadi no Folio 23, Asento 4, N\u00famero 1361. 1. Finalidade Mediante o uso deste Sitio Web e\/ou ao comunicarse de forma electr\u00f3nica con AUSOLAN, poderanse recoller [&hellip;]<\/p>\n","protected":false},"author":2,"featured_media":0,"parent":0,"menu_order":0,"comment_status":"closed","ping_status":"closed","template":"template-legal.php","meta":{"_acf_changed":false,"footnotes":""},"class_list":["post-2054","page","type-page","status-publish","hentry"],"acf":[],"yoast_head":"<!-- This site is optimized with the Yoast SEO plugin v24.8.1 - https:\/\/yoast.com\/wordpress\/plugins\/seo\/ -->\n<title>Pol\u00edtica de Privacidade | Ausolan<\/title>\n<meta name=\"robots\" content=\"index, follow, max-snippet:-1, max-image-preview:large, max-video-preview:-1\" \/>\n<link rel=\"canonical\" href=\"https:\/\/www.ausolan.com\/gl\/politica-de-privacidade\/\" \/>\n<meta property=\"og:locale\" content=\"gl_ES\" \/>\n<meta property=\"og:type\" content=\"article\" \/>\n<meta property=\"og:title\" content=\"Pol\u00edtica de Privacidade | Ausolan\" \/>\n<meta property=\"og:description\" content=\"AUZO LAGUN, S.COOP (en diante, \u201cAUSOLAN\u201d) \u00e9 unha cooperativa con domicilio na Avenida Uribarri, 35, 20500, Arrasate-Mondrag\u00f3n (Guip\u00fascoa), con C.I.F. F-20032553 e est\u00e1 inscrita no Rexistro de Cooperativas de Euskadi no Folio 23, Asento 4, N\u00famero 1361. 1. Finalidade Mediante o uso deste Sitio Web e\/ou ao comunicarse de forma electr\u00f3nica con AUSOLAN, poderanse recoller [&hellip;]\" \/>\n<meta property=\"og:url\" content=\"https:\/\/www.ausolan.com\/gl\/politica-de-privacidade\/\" \/>\n<meta property=\"og:site_name\" content=\"Ausolan\" \/>\n<meta property=\"article:modified_time\" content=\"2024-04-10T07:19:17+00:00\" \/>\n<meta property=\"og:image\" content=\"https:\/\/www.ausolan.com\/wp-content\/uploads\/2024\/04\/Ausolan_RRSS_Share.jpg\" \/>\n\t<meta property=\"og:image:width\" content=\"1200\" \/>\n\t<meta property=\"og:image:height\" content=\"630\" \/>\n\t<meta property=\"og:image:type\" content=\"image\/jpeg\" \/>\n<meta name=\"twitter:card\" content=\"summary_large_image\" \/>\n<meta name=\"twitter:label1\" content=\"Tempo de lectura\" \/>\n\t<meta name=\"twitter:data1\" content=\"6 minutos\" \/>\n<script type=\"application\/ld+json\" class=\"yoast-schema-graph\">{\"@context\":\"https:\/\/schema.org\",\"@graph\":[{\"@type\":\"WebPage\",\"@id\":\"https:\/\/www.ausolan.com\/gl\/politica-de-privacidade\/\",\"url\":\"https:\/\/www.ausolan.com\/gl\/politica-de-privacidade\/\",\"name\":\"Pol\u00edtica de Privacidade | Ausolan\",\"isPartOf\":{\"@id\":\"https:\/\/www.ausolan.com\/gl\/#website\"},\"datePublished\":\"2024-01-15T15:27:58+00:00\",\"dateModified\":\"2024-04-10T07:19:17+00:00\",\"breadcrumb\":{\"@id\":\"https:\/\/www.ausolan.com\/gl\/politica-de-privacidade\/#breadcrumb\"},\"inLanguage\":\"gl-ES\",\"potentialAction\":[{\"@type\":\"ReadAction\",\"target\":[\"https:\/\/www.ausolan.com\/gl\/politica-de-privacidade\/\"]}]},{\"@type\":\"BreadcrumbList\",\"@id\":\"https:\/\/www.ausolan.com\/gl\/politica-de-privacidade\/#breadcrumb\",\"itemListElement\":[{\"@type\":\"ListItem\",\"position\":1,\"name\":\"Portada\",\"item\":\"https:\/\/www.ausolan.com\/gl\/\"},{\"@type\":\"ListItem\",\"position\":2,\"name\":\"Pol\u00edtica de Privacidade\"}]},{\"@type\":\"WebSite\",\"@id\":\"https:\/\/www.ausolan.com\/gl\/#website\",\"url\":\"https:\/\/www.ausolan.com\/gl\/\",\"name\":\"Ausolan\",\"description\":\"Restauraci\u00f3n e limpeza colectiva\",\"potentialAction\":[{\"@type\":\"SearchAction\",\"target\":{\"@type\":\"EntryPoint\",\"urlTemplate\":\"https:\/\/www.ausolan.com\/gl\/?s={search_term_string}\"},\"query-input\":{\"@type\":\"PropertyValueSpecification\",\"valueRequired\":true,\"valueName\":\"search_term_string\"}}],\"inLanguage\":\"gl-ES\"}]}<\/script>\n<!-- \/ Yoast SEO plugin. -->","yoast_head_json":{"title":"Pol\u00edtica de Privacidade | Ausolan","robots":{"index":"index","follow":"follow","max-snippet":"max-snippet:-1","max-image-preview":"max-image-preview:large","max-video-preview":"max-video-preview:-1"},"canonical":"https:\/\/www.ausolan.com\/gl\/politica-de-privacidade\/","og_locale":"gl_ES","og_type":"article","og_title":"Pol\u00edtica de Privacidade | Ausolan","og_description":"AUZO LAGUN, S.COOP (en diante, \u201cAUSOLAN\u201d) \u00e9 unha cooperativa con domicilio na Avenida Uribarri, 35, 20500, Arrasate-Mondrag\u00f3n (Guip\u00fascoa), con C.I.F. F-20032553 e est\u00e1 inscrita no Rexistro de Cooperativas de Euskadi no Folio 23, Asento 4, N\u00famero 1361. 1. Finalidade Mediante o uso deste Sitio Web e\/ou ao comunicarse de forma electr\u00f3nica con AUSOLAN, poderanse recoller [&hellip;]","og_url":"https:\/\/www.ausolan.com\/gl\/politica-de-privacidade\/","og_site_name":"Ausolan","article_modified_time":"2024-04-10T07:19:17+00:00","og_image":[{"width":1200,"height":630,"url":"https:\/\/www.ausolan.com\/wp-content\/uploads\/2024\/04\/Ausolan_RRSS_Share.jpg","type":"image\/jpeg"}],"twitter_card":"summary_large_image","twitter_misc":{"Tempo de lectura":"6 minutos"},"schema":{"@context":"https:\/\/schema.org","@graph":[{"@type":"WebPage","@id":"https:\/\/www.ausolan.com\/gl\/politica-de-privacidade\/","url":"https:\/\/www.ausolan.com\/gl\/politica-de-privacidade\/","name":"Pol\u00edtica de Privacidade | Ausolan","isPartOf":{"@id":"https:\/\/www.ausolan.com\/gl\/#website"},"datePublished":"2024-01-15T15:27:58+00:00","dateModified":"2024-04-10T07:19:17+00:00","breadcrumb":{"@id":"https:\/\/www.ausolan.com\/gl\/politica-de-privacidade\/#breadcrumb"},"inLanguage":"gl-ES","potentialAction":[{"@type":"ReadAction","target":["https:\/\/www.ausolan.com\/gl\/politica-de-privacidade\/"]}]},{"@type":"BreadcrumbList","@id":"https:\/\/www.ausolan.com\/gl\/politica-de-privacidade\/#breadcrumb","itemListElement":[{"@type":"ListItem","position":1,"name":"Portada","item":"https:\/\/www.ausolan.com\/gl\/"},{"@type":"ListItem","position":2,"name":"Pol\u00edtica de Privacidade"}]},{"@type":"WebSite","@id":"https:\/\/www.ausolan.com\/gl\/#website","url":"https:\/\/www.ausolan.com\/gl\/","name":"Ausolan","description":"Restauraci\u00f3n e limpeza colectiva","potentialAction":[{"@type":"SearchAction","target":{"@type":"EntryPoint","urlTemplate":"https:\/\/www.ausolan.com\/gl\/?s={search_term_string}"},"query-input":{"@type":"PropertyValueSpecification","valueRequired":true,"valueName":"search_term_string"}}],"inLanguage":"gl-ES"}]}},"_links":{"self":[{"href":"https:\/\/www.ausolan.com\/gl\/wp-json\/wp\/v2\/pages\/2054","targetHints":{"allow":["GET"]}}],"collection":[{"href":"https:\/\/www.ausolan.com\/gl\/wp-json\/wp\/v2\/pages"}],"about":[{"href":"https:\/\/www.ausolan.com\/gl\/wp-json\/wp\/v2\/types\/page"}],"author":[{"embeddable":true,"href":"https:\/\/www.ausolan.com\/gl\/wp-json\/wp\/v2\/users\/2"}],"replies":[{"embeddable":true,"href":"https:\/\/www.ausolan.com\/gl\/wp-json\/wp\/v2\/comments?post=2054"}],"version-history":[{"count":0,"href":"https:\/\/www.ausolan.com\/gl\/wp-json\/wp\/v2\/pages\/2054\/revisions"}],"wp:attachment":[{"href":"https:\/\/www.ausolan.com\/gl\/wp-json\/wp\/v2\/media?parent=2054"}],"curies":[{"name":"wp","href":"https:\/\/api.w.org\/{rel}","templated":true}]}}