{"id":2050,"date":"2024-01-15T16:31:56","date_gmt":"2024-01-15T15:31:56","guid":{"rendered":"https:\/\/www.ausolan.com\/?page_id=2050"},"modified":"2024-04-10T08:59:16","modified_gmt":"2024-04-10T06:59:16","slug":"aviso-legal","status":"publish","type":"page","link":"https:\/\/www.ausolan.com\/gl\/aviso-legal\/","title":{"rendered":"Aviso legal"},"content":{"rendered":"\n<p>AUZO LAGUN, S.COOP (en diante, \u201cAUSOLAN\u201d) \u00e9 unha cooperativa con domicilio na Avenida Uribarri, 35, 20500, Arrasate-Mondrag\u00f3n (Guip\u00fascoa), con C.I.F. F-20032553 e est\u00e1 inscrita no Rexistro de Cooperativas de Euskadi no Folio 23, Asento 4, N\u00famero 1361.<\/p>\n\n\n\n<p>AUSOLAN \u00e9 titular de todos os dereitos de propiedade intelectual ou de calquera outro tipo sobre o sitio web de AUSOLAN (en diante, \u201cSitio Web\u201d), e o seu acceso e uso por parte dos usuarios (en diante, \u201cUsuario\u201d ou \u201cUsuarios\u201d) est\u00e1 suxeito a estas condici\u00f3ns de uso (en diante, \u201cCondici\u00f3ns de Uso\u201d) e complementarase con calquera outro texto legal que regule calquera funcionalidade, servizo, proceso, aplicaci\u00f3n, plataforma ou medio necesario para o uso do Sitio Web.<\/p>\n\n\n\n<p>O acceso e a navegaci\u00f3n neste sitio web atrib\u00fae \u00e1 persoa que o realiza a condici\u00f3n de Usuario, que reco\u00f1ece que leu e acepta estas Condici\u00f3ns de Uso, as\u00ed como as Pol\u00edticas de Privacidade e Rastros. O feito de acceder ao Sitio Web e utilizar os materiais que se incl\u00faen nel implica que o Usuario leu e acepta, sen ningunha reserva, as presentes Condici\u00f3ns de Uso. Se non est\u00e1 de acordo na s\u00faa totalidade ou con algunha parte, o Usuario debe absterse de utilizar o Sitio Web.<\/p>\n\n\n\n<ol class=\"wp-block-list\" start=\"1\">\n<li>FINALIDADE<\/li>\n<\/ol>\n\n\n\n<p>O Sitio Web conc\u00edbese como un espazo que permite aos Usuarios acceder a diversos contidos, noticias e informaci\u00f3n corporativa, as\u00ed como a informaci\u00f3n detallada sobre os diferentes servizos que ofrecemos. En particular, o Sitio Web permitiralle co\u00f1ecer os nosos servizos de restauraci\u00f3n, limpeza, organizaci\u00f3n de eventos, c\u00e1tering exquisito e outros nos que podemos desenvolver a nosa actividade.<\/p>\n\n\n\n<p>Da mesma forma, o Sitio Web constit\u00faese como unha canle de comunicaci\u00f3n para os clientes e\/ou clientes potenciais que desexen solicitar alg\u00fan tipo de informaci\u00f3n e\/ou facer calquera suxesti\u00f3n, as\u00ed como, de forma adicional, para os candidatos que desexen participar en futuros procesos de selecci\u00f3n do cadro de persoal.<\/p>\n\n\n\n<ol class=\"wp-block-list\" start=\"2\">\n<li>COMPROMISOS DOS USUARIOS<\/li>\n<\/ol>\n\n\n\n<p>Con car\u00e1cter xeral, obr\u00edgase ao Usuario a cumprir as presentes Condici\u00f3ns de Uso, as advertencias ou instruci\u00f3ns especiais de uso que incl\u00faen e a actuar sempre de conformidade coa Lei vixente, a moral, os bos costumes e os requisitos de boa fe e a orde p\u00fablica establecida, mediante o uso da dilixencia debida e abst\u00e9ndose de usar o Sitio Web de calquera forma que poida impedir, danar ou deteriorar o seu normal funcionamento, os bens ou dereitos de AUSOLAN, do resto de Usuarios ou, en xeral, de calquera terceiro.<\/p>\n\n\n\n<p>Especificamente, e sen que isto supo\u00f1a restrici\u00f3n algunha do apartado anterior, obr\u00edgase ao Usuario a:<\/p>\n\n\n\n<ol class=\"wp-block-list\" start=\"1\" style=\"list-style-type:lower-alpha\">\n<li>Contar con todos os medios e requisitos t\u00e9cnicos necesarios para acceder ao Sitio Web.<\/li>\n\n\n\n<li>Facilitar informaci\u00f3n verdadeira sobre os datos solicitados nos formularios facilitados por AUSOLAN para o acceso a alg\u00fans contidos ou servizos que se ofrecen mediante o Sitio Web e para mantelos actualizados. AUSOLAN res\u00e9rvase a facultade, sen prexu\u00edzo das demais medidas legais \u00e1 s\u00faa disposici\u00f3n, a retirar, denegar ou suspender o acceso ao Sitio Web se os datos facilitados son ou poden ser falsos, inexactos ou enganosos. En todo caso, o Usuario ser\u00e1 completamente responsable dos datos ou contidos que se transmiten ou comuniquen a AUSOLAN. Neste sentido, o Usuario asume a responsabilidade dos danos e perdas que poidan derivarse da falsidade e do uso indebido destes.<\/li>\n\n\n\n<li>Non introducir, almacenar ou difundir mediante o Sitio Web ning\u00fan programa, dato, virus, c\u00f3digo ou calquera outro dispositivo electr\u00f3nico ou f\u00edsico que lle poida provocar danos, ou a calquera dos servizos ou equipos, sistemas ou redes de AUSOLAN, de calquera outro Usuario ou, de forma xeral, de calquera terceiro.<\/li>\n\n\n\n<li>Non alterar, copiar, descargar, modificar, descompilar, desmontar, realizar enxe\u00f1ar\u00eda inversa, outorgar licencias, alugar, vender ou imitar o Sitio Web, os seus contidos ou o software de base.<\/li>\n<\/ol>\n\n\n\n<ol class=\"wp-block-list\" start=\"3\">\n<li>RESPONSABILIDADES<\/li>\n<\/ol>\n\n\n\n<p>AUSOLAN non se responsabiliza das perdas que se poidan derivar de interferencias, omisi\u00f3ns, interrupci\u00f3ns, virus inform\u00e1ticos, avar\u00edas e\/ou desconexi\u00f3ns no funcionamento operativo do sistema electr\u00f3nico ou nos aparatos e equipos inform\u00e1ticos dos Usuarios, debidas a causas alleas a AUSOLAN, que impidan ou atrasen a navegaci\u00f3n polo Sitio Web, nin dos atrasos ou bloqueos no uso por mor de deficiencias ou sobrecargas de Internet ou doutros sistemas electr\u00f3nicos, nin da imposibilidade de prestar o servizo ou permitir o acceso por causas que non se poidan imputar a AUSOLAN, provocadas polo Usuario, terceiros ou casos de forza maior.<\/p>\n\n\n\n<p>Con todo, AUSOLAN declara que adoptou e adoptar\u00e1, no seu caso, todas as medidas necesarias dentro das s\u00faas posibilidades e do estado da tecnolox\u00eda, para garantir o correcto funcionamento do Sitio Web e evitar a existencia e transmisi\u00f3n de virus e outros compo\u00f1entes dani\u00f1os aos Usuarios.<\/p>\n\n\n\n<p>AUSOLAN res\u00e9rvase o dereito a interromper o acceso ao Sitio Web en calquera momento e sen previo aviso, por causas t\u00e9cnicas, de seguridade, control, mantemento, fallo da subministraci\u00f3n el\u00e9ctrica ou calquera outra causa. AUSOLAN non controla, con car\u00e1cter xeral, o uso que os Usuarios fan do Sitio Web.<\/p>\n\n\n\n<p>AUSOLAN non se responsabiliza do uso que o Usuario faga do contido do Sitio Web que poida supo\u00f1er unha vulneraci\u00f3n de calquera tipo de normativa (nacional ou internacional), dereitos de propiedade intelectual ou industrial ou calquera outro dereito de terceiros.<\/p>\n\n\n\n<p>AUSOLAN non se responsabiliza dos erros ou omisi\u00f3ns que poida haber no contido deste sitio web ou outros aos que se poida acceder mediante el. AUSOLAN non se responsabiliza de ning\u00fan tipo de dano derivado do uso do Sitio Web, nin de calquera actuaci\u00f3n realizada en base \u00e1 informaci\u00f3n que se facilita nel.<\/p>\n\n\n\n<p>AUSOLAN non garante a ausencia de virus ou outros elementos lesivos que poidan provocar danos ou alteraci\u00f3ns no sistema inform\u00e1tico, nos documentos electr\u00f3nicos ou nos ficheiros do Usuario do Sitio Web. En consecuencia, AUSOLAN non se responsabiliza dos danos e perdas que estes elementos poidan provocar ao Usuario ou a terceiros.<\/p>\n\n\n\n<ol class=\"wp-block-list\" start=\"4\">\n<li>PROPIEDADE INTELECTUAL E INDUSTRIAL<\/li>\n<\/ol>\n\n\n\n<p>Todos os dereitos de Propiedade Intelectual e Industrial e calquera outro que se puidera aplicar ao Sitio Web, as\u00ed como toda a informaci\u00f3n que se cont\u00e9n nel (inclu\u00edda a s\u00faa informaci\u00f3n, textos, datos, imaxes, gr\u00e1ficos, dese\u00f1os, c\u00f3digo fonte, software, marcas, estruturas de navegaci\u00f3n, bases de datos, etc., e calquera outro contido que apareza) son propiedade exclusiva de AUSOLAN.<\/p>\n\n\n\n<p>O Usuario comprom\u00e9tese a respectar os dereitos de Propiedade Intelectual e Industrial dos que \u00e9 titular AUSOLAN. O Usuario s\u00f3 poder\u00e1 visualizar os elementos do portal, \u00fanica e exclusivamente, para o seu uso persoal e privado. Neste sentido, proh\u00edbese expresamente ao Usuario reproducir, transmitir, transformar, distribu\u00edr, comunicar de forma p\u00fablica, po\u00f1er a disposici\u00f3n, extraer, reutilizar, explotar ou usar de calquera xeito, por calquera medio ou procedemento, de calquera deles, excepto nos casos que se permita legalmente ou AUSOLAN o autorice expresamente e por escrito.<\/p>\n\n\n\n<p>Queda expresamente prohibido ao Usuario suprimir, alterar, manipular e modificar calquera contido do Sitio Web, as\u00ed como calquera dispositivo de protecci\u00f3n ou sistema de seguridade que te\u00f1a instalado.<\/p>\n\n\n\n<ol class=\"wp-block-list\" start=\"5\">\n<li>PROTECCI\u00d3N DE DATOS<\/li>\n<\/ol>\n\n\n\n<p>Para acceder e navegar polo Sitio Web, non se obrigar\u00e1 ao Usuario a rexistrarse. Con todo, para acceder a determinados servizos do Sitio Web, o Usuario deber\u00e1 facilitar os datos persoais necesarios establecidos no formulario correspondente.<\/p>\n\n\n\n<p>Para completar cada formulario, o Usuario deber\u00e1 aceptar unha cl\u00e1usula de condici\u00f3ns de tratamento de datos persoais, na que se facilitar\u00e1 toda a informaci\u00f3n relacionada segundo a lexislaci\u00f3n vixente en materia de protecci\u00f3n de datos persoais.<\/p>\n\n\n\n<p>AUSOLAN comprom\u00e9tese a tratar a informaci\u00f3n persoal facilitada de forma l\u00edcita, leal e transparente. Estes tratamentos ser\u00e1n adecuados, pertinentes e limitados ao que se precisa en relaci\u00f3n coas finalidades para as que se tratan.<\/p>\n\n\n\n<p>Os Usuarios poden obter m\u00e1is informaci\u00f3n na&nbsp;Pol\u00edtica de Privacidade.<\/p>\n\n\n\n<ol class=\"wp-block-list\" start=\"6\">\n<li>LIGAZ\u00d3NS DE TERCEIROS<\/li>\n<\/ol>\n\n\n\n<p>As presentes Condici\u00f3ns de Uso s\u00f3 fan referencia ao Sitio Web e aos contidos de AUSOLAN, e non se aplican a ligaz\u00f3ns, p\u00e1xinas web de terceiros \u00e1s que se pode acceder mediante el ou, en xeral, a calquera outro servizo que ofrezan terceiros.<\/p>\n\n\n\n<p>AUSOLAN poder\u00e1 po\u00f1er a disposici\u00f3n do Usuario ligaz\u00f3ns ou hiperligaz\u00f3ns a outros sitios web que sexan propiedade ou xestionen terceiros. AUSOLAN non exerce ning\u00fan tipo de control sobre a informaci\u00f3n, contidos, produtos ou servizos que prestan estes sitios. O acceso a eles mediante este sitio web non implica que AUSOLAN recomende ou aprobe o seu contido.<\/p>\n\n\n\n<p>AUSOLAN non asumir\u00e1 en ning\u00fan caso responsabilidades polo contido de calquera ligaz\u00f3n que pertenza a un sitio web alleo, nin garantir\u00e1 a dispo\u00f1ibilidade t\u00e9cnica, calidade, fiabilidade, exactitude, amplitude, veracidade e validez de calquera material ou informaci\u00f3n que se incl\u00faa en ningunha destas hiperligaz\u00f3ns ou outros sitios web.<\/p>\n\n\n\n<p>En todo caso, ser\u00e1 responsabilidade do Usuario ler e aceptar as condici\u00f3ns de uso e as pol\u00edticas de privacidade publicadas nestes sitios web.<\/p>\n\n\n\n<ol class=\"wp-block-list\" start=\"7\">\n<li>USO DE RASTROS<\/li>\n<\/ol>\n\n\n\n<p>Nalgunhas ocasi\u00f3ns, este Sitio Web emprega rastros (pequenos ficheiros de datos que se xeran no ordenador do Usuario e permiten obter informaci\u00f3n del). O Usuario ten a opci\u00f3n de impedir que se xeren rastros ao seleccionar a opci\u00f3n correspondente no seu programa navegador, malia que se se desactivan, pode impedir o correcto funcionamento do Sitio Web. Pode consultar m\u00e1is informaci\u00f3n na Pol\u00edtica de Rastros.<\/p>\n\n\n\n<ol class=\"wp-block-list\" start=\"8\">\n<li>MODOS DE COMUNICACI\u00d3N E NOTIFICACI\u00d3N<\/li>\n<\/ol>\n\n\n\n<p>Para os efectos destas Condici\u00f3ns de Uso e para calquera comunicaci\u00f3n necesaria entre o Usuario e AUSOLAN, deber\u00e1n facelo mediante as seguintes canles:<\/p>\n\n\n\n<ul class=\"wp-block-list\">\n<li>De forma presencial ou por correo postal dirixido \u00e1 sede central, cuxo enderezo se mencionou ao comezo deste documento.<\/li>\n\n\n\n<li>Mediante o seguinte enderezo de correo electr\u00f3nico:&nbsp;<a href=\"mailto:ausolan@ausolan.com\">ausolan@ausolan.com<\/a>.<\/li>\n\n\n\n<li>Mediante o seguinte n\u00famero de tel\u00e9fono: 607400333.<\/li>\n<\/ul>\n\n\n\n<p>As\u00ed mesmo, AUSOLAN respecta os dereitos de terceiros e a lexislaci\u00f3n aplicable. O Usuario do Sitio Web ten a obriga de facer o mesmo. Se se atopan incidencias t\u00e9cnicas no funcionamento do Sitio Web ou se se atopan erros, inexactitudes ou contidos contrarios \u00e1 lexislaci\u00f3n nalgunha das distintas secci\u00f3ns, pode usar os medios de contacto que se mencionaron antes para notificalos.<\/p>\n\n\n\n<ol class=\"wp-block-list\" start=\"9\">\n<li>INDEPENDENCIA E INTEGRACI\u00d3N DAS CL\u00c1USULAS<\/li>\n<\/ol>\n\n\n\n<p>A ilexitimidade, invalidez ou ineficacia de calquera das cl\u00e1usulas destas Condici\u00f3ns de Uso non afectar\u00e1 \u00e1 eficacia do resto, sempre que os dereitos e obrigas das partes derivados das Condici\u00f3ns de Uso non se vexan afectados de forma esencial. Ent\u00e9ndese por esencial calquera situaci\u00f3n que prexudique gravemente os intereses de calquera das partes ou que recaia na finalidade mesma destas Condici\u00f3ns de Uso. Estas cl\u00e1usulas deberanse substitu\u00edr ou integrar por outras que, conforme \u00e1 lei, respondan \u00e1 finalidade das substitu\u00eddas. As partes renuncian a calquera reclamaci\u00f3n de danos e perdas que se puidese solicitar por esta circunstancia.<\/p>\n\n\n\n<ol class=\"wp-block-list\" start=\"10\">\n<li>LEI APLICABLE E XURISDICI\u00d3N<\/li>\n<\/ol>\n\n\n\n<p>O acceso ao Sitio Web implica que o Usuario acepta o que se disp\u00f3n nestas Condici\u00f3ns de Uso. Se non est\u00e1 de acordo con estas Condici\u00f3ns de Uso, non visite nin use o Sitio Web. En caso de controversia, rexerase pola lexislaci\u00f3n com\u00fan espa\u00f1ola, con renuncia expresa das partes ao foro que lles corresponda e somet\u00e9ndose aos Xulgados e Tribunais de Bergara (Guip\u00fascoa).<\/p>\n","protected":false},"excerpt":{"rendered":"<p>AUZO LAGUN, S.COOP (en diante, \u201cAUSOLAN\u201d) \u00e9 unha cooperativa con domicilio na Avenida Uribarri, 35, 20500, Arrasate-Mondrag\u00f3n (Guip\u00fascoa), con C.I.F. F-20032553 e est\u00e1 inscrita no Rexistro de Cooperativas de Euskadi no Folio 23, Asento 4, N\u00famero 1361. AUSOLAN \u00e9 titular de todos os dereitos de propiedade intelectual ou de calquera outro tipo sobre o sitio [&hellip;]<\/p>\n","protected":false},"author":2,"featured_media":0,"parent":0,"menu_order":0,"comment_status":"closed","ping_status":"closed","template":"template-legal.php","meta":{"_acf_changed":false,"footnotes":""},"class_list":["post-2050","page","type-page","status-publish","hentry"],"acf":[],"yoast_head":"<!-- This site is optimized with the Yoast SEO plugin v24.8.1 - https:\/\/yoast.com\/wordpress\/plugins\/seo\/ -->\n<title>Aviso legal | Ausolan<\/title>\n<meta name=\"robots\" content=\"index, follow, max-snippet:-1, max-image-preview:large, max-video-preview:-1\" \/>\n<link rel=\"canonical\" href=\"https:\/\/www.ausolan.com\/gl\/aviso-legal\/\" \/>\n<meta property=\"og:locale\" content=\"gl_ES\" \/>\n<meta property=\"og:type\" content=\"article\" \/>\n<meta property=\"og:title\" content=\"Aviso legal | Ausolan\" \/>\n<meta property=\"og:description\" content=\"AUZO LAGUN, S.COOP (en diante, \u201cAUSOLAN\u201d) \u00e9 unha cooperativa con domicilio na Avenida Uribarri, 35, 20500, Arrasate-Mondrag\u00f3n (Guip\u00fascoa), con C.I.F. F-20032553 e est\u00e1 inscrita no Rexistro de Cooperativas de Euskadi no Folio 23, Asento 4, N\u00famero 1361. AUSOLAN \u00e9 titular de todos os dereitos de propiedade intelectual ou de calquera outro tipo sobre o sitio [&hellip;]\" \/>\n<meta property=\"og:url\" content=\"https:\/\/www.ausolan.com\/gl\/aviso-legal\/\" \/>\n<meta property=\"og:site_name\" content=\"Ausolan\" \/>\n<meta property=\"article:modified_time\" content=\"2024-04-10T06:59:16+00:00\" \/>\n<meta property=\"og:image\" content=\"https:\/\/www.ausolan.com\/wp-content\/uploads\/2024\/04\/Ausolan_RRSS_Share.jpg\" \/>\n\t<meta property=\"og:image:width\" content=\"1200\" \/>\n\t<meta property=\"og:image:height\" content=\"630\" \/>\n\t<meta property=\"og:image:type\" content=\"image\/jpeg\" \/>\n<meta name=\"twitter:card\" content=\"summary_large_image\" \/>\n<meta name=\"twitter:label1\" content=\"Tempo de lectura\" \/>\n\t<meta name=\"twitter:data1\" content=\"9 minutos\" \/>\n<script type=\"application\/ld+json\" class=\"yoast-schema-graph\">{\"@context\":\"https:\/\/schema.org\",\"@graph\":[{\"@type\":\"WebPage\",\"@id\":\"https:\/\/www.ausolan.com\/gl\/aviso-legal\/\",\"url\":\"https:\/\/www.ausolan.com\/gl\/aviso-legal\/\",\"name\":\"Aviso legal | Ausolan\",\"isPartOf\":{\"@id\":\"https:\/\/www.ausolan.com\/gl\/#website\"},\"datePublished\":\"2024-01-15T15:31:56+00:00\",\"dateModified\":\"2024-04-10T06:59:16+00:00\",\"breadcrumb\":{\"@id\":\"https:\/\/www.ausolan.com\/gl\/aviso-legal\/#breadcrumb\"},\"inLanguage\":\"gl-ES\",\"potentialAction\":[{\"@type\":\"ReadAction\",\"target\":[\"https:\/\/www.ausolan.com\/gl\/aviso-legal\/\"]}]},{\"@type\":\"BreadcrumbList\",\"@id\":\"https:\/\/www.ausolan.com\/gl\/aviso-legal\/#breadcrumb\",\"itemListElement\":[{\"@type\":\"ListItem\",\"position\":1,\"name\":\"Portada\",\"item\":\"https:\/\/www.ausolan.com\/gl\/\"},{\"@type\":\"ListItem\",\"position\":2,\"name\":\"Aviso legal\"}]},{\"@type\":\"WebSite\",\"@id\":\"https:\/\/www.ausolan.com\/gl\/#website\",\"url\":\"https:\/\/www.ausolan.com\/gl\/\",\"name\":\"Ausolan\",\"description\":\"Restauraci\u00f3n e limpeza colectiva\",\"potentialAction\":[{\"@type\":\"SearchAction\",\"target\":{\"@type\":\"EntryPoint\",\"urlTemplate\":\"https:\/\/www.ausolan.com\/gl\/?s={search_term_string}\"},\"query-input\":{\"@type\":\"PropertyValueSpecification\",\"valueRequired\":true,\"valueName\":\"search_term_string\"}}],\"inLanguage\":\"gl-ES\"}]}<\/script>\n<!-- \/ Yoast SEO plugin. -->","yoast_head_json":{"title":"Aviso legal | Ausolan","robots":{"index":"index","follow":"follow","max-snippet":"max-snippet:-1","max-image-preview":"max-image-preview:large","max-video-preview":"max-video-preview:-1"},"canonical":"https:\/\/www.ausolan.com\/gl\/aviso-legal\/","og_locale":"gl_ES","og_type":"article","og_title":"Aviso legal | Ausolan","og_description":"AUZO LAGUN, S.COOP (en diante, \u201cAUSOLAN\u201d) \u00e9 unha cooperativa con domicilio na Avenida Uribarri, 35, 20500, Arrasate-Mondrag\u00f3n (Guip\u00fascoa), con C.I.F. F-20032553 e est\u00e1 inscrita no Rexistro de Cooperativas de Euskadi no Folio 23, Asento 4, N\u00famero 1361. AUSOLAN \u00e9 titular de todos os dereitos de propiedade intelectual ou de calquera outro tipo sobre o sitio [&hellip;]","og_url":"https:\/\/www.ausolan.com\/gl\/aviso-legal\/","og_site_name":"Ausolan","article_modified_time":"2024-04-10T06:59:16+00:00","og_image":[{"width":1200,"height":630,"url":"https:\/\/www.ausolan.com\/wp-content\/uploads\/2024\/04\/Ausolan_RRSS_Share.jpg","type":"image\/jpeg"}],"twitter_card":"summary_large_image","twitter_misc":{"Tempo de lectura":"9 minutos"},"schema":{"@context":"https:\/\/schema.org","@graph":[{"@type":"WebPage","@id":"https:\/\/www.ausolan.com\/gl\/aviso-legal\/","url":"https:\/\/www.ausolan.com\/gl\/aviso-legal\/","name":"Aviso legal | Ausolan","isPartOf":{"@id":"https:\/\/www.ausolan.com\/gl\/#website"},"datePublished":"2024-01-15T15:31:56+00:00","dateModified":"2024-04-10T06:59:16+00:00","breadcrumb":{"@id":"https:\/\/www.ausolan.com\/gl\/aviso-legal\/#breadcrumb"},"inLanguage":"gl-ES","potentialAction":[{"@type":"ReadAction","target":["https:\/\/www.ausolan.com\/gl\/aviso-legal\/"]}]},{"@type":"BreadcrumbList","@id":"https:\/\/www.ausolan.com\/gl\/aviso-legal\/#breadcrumb","itemListElement":[{"@type":"ListItem","position":1,"name":"Portada","item":"https:\/\/www.ausolan.com\/gl\/"},{"@type":"ListItem","position":2,"name":"Aviso legal"}]},{"@type":"WebSite","@id":"https:\/\/www.ausolan.com\/gl\/#website","url":"https:\/\/www.ausolan.com\/gl\/","name":"Ausolan","description":"Restauraci\u00f3n e limpeza colectiva","potentialAction":[{"@type":"SearchAction","target":{"@type":"EntryPoint","urlTemplate":"https:\/\/www.ausolan.com\/gl\/?s={search_term_string}"},"query-input":{"@type":"PropertyValueSpecification","valueRequired":true,"valueName":"search_term_string"}}],"inLanguage":"gl-ES"}]}},"_links":{"self":[{"href":"https:\/\/www.ausolan.com\/gl\/wp-json\/wp\/v2\/pages\/2050","targetHints":{"allow":["GET"]}}],"collection":[{"href":"https:\/\/www.ausolan.com\/gl\/wp-json\/wp\/v2\/pages"}],"about":[{"href":"https:\/\/www.ausolan.com\/gl\/wp-json\/wp\/v2\/types\/page"}],"author":[{"embeddable":true,"href":"https:\/\/www.ausolan.com\/gl\/wp-json\/wp\/v2\/users\/2"}],"replies":[{"embeddable":true,"href":"https:\/\/www.ausolan.com\/gl\/wp-json\/wp\/v2\/comments?post=2050"}],"version-history":[{"count":0,"href":"https:\/\/www.ausolan.com\/gl\/wp-json\/wp\/v2\/pages\/2050\/revisions"}],"wp:attachment":[{"href":"https:\/\/www.ausolan.com\/gl\/wp-json\/wp\/v2\/media?parent=2050"}],"curies":[{"name":"wp","href":"https:\/\/api.w.org\/{rel}","templated":true}]}}