{"id":1717,"date":"2024-01-15T16:35:15","date_gmt":"2024-01-15T15:35:15","guid":{"rendered":"https:\/\/www.ausolan.com\/?page_id=1717"},"modified":"2026-02-12T10:34:01","modified_gmt":"2026-02-12T09:34:01","slug":"canle-de-denuncias","status":"publish","type":"page","link":"https:\/\/www.ausolan.com\/gl\/canle-de-denuncias\/","title":{"rendered":"Canle de denuncias"},"content":{"rendered":"\n<p>O Programa de Bo Goberno \u00e9 o sistema que creou AUSOLAN para garantir o&nbsp;<strong>comportamento \u00e9tico e responsable&nbsp;<\/strong>de AUSOLAN e das persoas que forman parte do Grupo, pero tam\u00e9n daquelas persoas e entidades coas que nos relacionamos no exercicio da nosa actividade. Este Programa \u00e9 unha expresi\u00f3n dos principios que se recollen na&nbsp;<strong>Misi\u00f3n de AUSOLAN&nbsp;<\/strong>e dos&nbsp;<strong>Valores de Honestidade, Compromiso, Cooperaci\u00f3n e Iniciativa&nbsp;<\/strong>que asumimos como Grupo, pero tam\u00e9n \u00e9 consecuencia da pol\u00edtica de Responsabilidade Social de AUSOLAN e do seu compromiso co cumprimento da lei.<\/p>\n\n\n\n<p>Este sistema comp\u00f3\u00f1eno o CAUCE, \u00e9 dicir, o C\u00f3digo Ausolan de Comportamento \u00c9tico, no que se recollen os&nbsp;<strong>principios de conduta requiridos e os prohibidos&nbsp;<\/strong>en AUSOLAN; a<strong>Canle de Notificaci\u00f3n e Consulta&nbsp;<\/strong>aberta para que calquera persoa poida facer preguntas respecto ao cumprimento do CAUCE ou notificar condutas irregulares que poidan supo\u00f1er o incumprimento do CAUCE ou alg\u00fan delito; e unha organizaci\u00f3n, nomeada polo Consello Reitor de Auzo Lagun, S. Coop., encargada de asegurar a implantaci\u00f3n, difusi\u00f3n e funcionamento de todo o sistema, e que son a&nbsp;<strong>Persoa Responsable de Cumprimento e o Comit\u00e9 de Auditor\u00eda e Cumprimento.<\/strong><\/p>\n\n\n\n<p>As persoas de AUSOLAN ou calquera persoa interesada poder\u00e1n facer preguntas sobre o cumprimento do CAUCE ou notificar condutas que poidan constitu\u00edr un incumprimento do CAUCE, unha infracci\u00f3n administrativa grave ou moi grave ou un delito \u00e1 Persoa Responsable de Cumprimento mediante os seguintes medios:<\/p>\n\n\n\n<ul class=\"wp-block-list\">\n<li>Correo ordinario: Auzo Lagun. S. Coop., Uribarri Etorbidea, 35, 20500 Arrasate-Mondrag\u00f3n (Guip\u00fascoa).<\/li>\n\n\n\n<li>Correo electr\u00f3nico: cumplimiento@ausolan.com<\/li>\n\n\n\n<li>Chamada telef\u00f3nica: 607 400 333 Extensi\u00f3n: 70270.<\/li>\n\n\n\n<li>Reuni\u00f3n presencial: se o solicita a persoa informante, nun prazo m\u00e1ximo de sete d\u00edas.<\/li>\n\n\n\n<li>De forma adicional, e en todo caso, as incidencias poderanse denunciar mediante a li\u00f1a xer\u00e1rquica, o Departamento Social, a&nbsp;Persoa Responsable de Cumprimento e o Comit\u00e9 de Auditor\u00eda e Cumprimento.<\/li>\n<\/ul>\n\n\n\n<p>Sen prexu\u00edzo das v\u00edas de acceso detalladas, a persoa interesada poder\u00e1 dirixirse \u00e1 Autoridade Independente de Protecci\u00f3n da Persoa Informante.<\/p>\n\n\n\n<p>A Canle de Notificaci\u00f3n e Consulta non \u00e9 a canle adecuada para reclamaci\u00f3ns de car\u00e1cter comercial, de facturaci\u00f3n ou incidencias de servizo e\/ou reclamaci\u00f3ns de n\u00f3minas ou consultas relacionadas co posto de traballo ou co contrato laboral.<\/p>\n\n\n\n<p>Pode consultar o C\u00f3digo Ausolan de Comportamento \u00c9tico na seguinte\u00a0<a href=\"\/wp-content\/uploads\/2026\/02\/CAUCE-Ausolan-2025-Gal.pdf\" target=\"_blank\" rel=\"noreferrer noopener\">ligaz\u00f3n<\/a>.<\/p>\n\n\n\n<p>Pode consultar o Procedemento de Notificaci\u00f3n e Consulta na seguinte <a href=\"\/wp-content\/uploads\/2026\/02\/Procedimiento-de-canal-de-denuncia_Gal.pdf\" target=\"_blank\" rel=\"noreferrer noopener\">ligaz\u00f3n<\/a>.<\/p>\n","protected":false},"excerpt":{"rendered":"<p>O Programa de Bo Goberno \u00e9 o sistema que creou AUSOLAN para garantir o&nbsp;comportamento \u00e9tico e responsable&nbsp;de AUSOLAN e das persoas que forman parte do Grupo, pero tam\u00e9n daquelas persoas e entidades coas que nos relacionamos no exercicio da nosa actividade. Este Programa \u00e9 unha expresi\u00f3n dos principios que se recollen na&nbsp;Misi\u00f3n de AUSOLAN&nbsp;e dos&nbsp;Valores [&hellip;]<\/p>\n","protected":false},"author":2,"featured_media":0,"parent":0,"menu_order":0,"comment_status":"closed","ping_status":"closed","template":"template-legal.php","meta":{"_acf_changed":false,"footnotes":""},"class_list":["post-1717","page","type-page","status-publish","hentry"],"acf":[],"yoast_head":"<!-- This site is optimized with the Yoast SEO plugin v24.8.1 - https:\/\/yoast.com\/wordpress\/plugins\/seo\/ -->\n<title>Canle de denuncias | Ausolan<\/title>\n<meta name=\"robots\" content=\"index, follow, max-snippet:-1, max-image-preview:large, max-video-preview:-1\" \/>\n<link rel=\"canonical\" href=\"https:\/\/www.ausolan.com\/gl\/canle-de-denuncias\/\" \/>\n<meta property=\"og:locale\" content=\"gl_ES\" \/>\n<meta property=\"og:type\" content=\"article\" \/>\n<meta property=\"og:title\" content=\"Canle de denuncias | Ausolan\" \/>\n<meta property=\"og:description\" content=\"O Programa de Bo Goberno \u00e9 o sistema que creou AUSOLAN para garantir o&nbsp;comportamento \u00e9tico e responsable&nbsp;de AUSOLAN e das persoas que forman parte do Grupo, pero tam\u00e9n daquelas persoas e entidades coas que nos relacionamos no exercicio da nosa actividade. Este Programa \u00e9 unha expresi\u00f3n dos principios que se recollen na&nbsp;Misi\u00f3n de AUSOLAN&nbsp;e dos&nbsp;Valores [&hellip;]\" \/>\n<meta property=\"og:url\" content=\"https:\/\/www.ausolan.com\/gl\/canle-de-denuncias\/\" \/>\n<meta property=\"og:site_name\" content=\"Ausolan\" \/>\n<meta property=\"article:modified_time\" content=\"2026-02-12T09:34:01+00:00\" \/>\n<meta property=\"og:image\" content=\"https:\/\/www.ausolan.com\/wp-content\/uploads\/2024\/04\/Ausolan_RRSS_Share.jpg\" \/>\n\t<meta property=\"og:image:width\" content=\"1200\" \/>\n\t<meta property=\"og:image:height\" content=\"630\" \/>\n\t<meta property=\"og:image:type\" content=\"image\/jpeg\" \/>\n<meta name=\"twitter:card\" content=\"summary_large_image\" \/>\n<meta name=\"twitter:label1\" content=\"Tempo de lectura\" \/>\n\t<meta name=\"twitter:data1\" content=\"2 minutos\" \/>\n<script type=\"application\/ld+json\" class=\"yoast-schema-graph\">{\"@context\":\"https:\/\/schema.org\",\"@graph\":[{\"@type\":\"WebPage\",\"@id\":\"https:\/\/www.ausolan.com\/gl\/canle-de-denuncias\/\",\"url\":\"https:\/\/www.ausolan.com\/gl\/canle-de-denuncias\/\",\"name\":\"Canle de denuncias | Ausolan\",\"isPartOf\":{\"@id\":\"https:\/\/www.ausolan.com\/gl\/#website\"},\"datePublished\":\"2024-01-15T15:35:15+00:00\",\"dateModified\":\"2026-02-12T09:34:01+00:00\",\"breadcrumb\":{\"@id\":\"https:\/\/www.ausolan.com\/gl\/canle-de-denuncias\/#breadcrumb\"},\"inLanguage\":\"gl-ES\",\"potentialAction\":[{\"@type\":\"ReadAction\",\"target\":[\"https:\/\/www.ausolan.com\/gl\/canle-de-denuncias\/\"]}]},{\"@type\":\"BreadcrumbList\",\"@id\":\"https:\/\/www.ausolan.com\/gl\/canle-de-denuncias\/#breadcrumb\",\"itemListElement\":[{\"@type\":\"ListItem\",\"position\":1,\"name\":\"Portada\",\"item\":\"https:\/\/www.ausolan.com\/gl\/\"},{\"@type\":\"ListItem\",\"position\":2,\"name\":\"Canle de denuncias\"}]},{\"@type\":\"WebSite\",\"@id\":\"https:\/\/www.ausolan.com\/gl\/#website\",\"url\":\"https:\/\/www.ausolan.com\/gl\/\",\"name\":\"Ausolan\",\"description\":\"Restauraci\u00f3n e limpeza colectiva\",\"potentialAction\":[{\"@type\":\"SearchAction\",\"target\":{\"@type\":\"EntryPoint\",\"urlTemplate\":\"https:\/\/www.ausolan.com\/gl\/?s={search_term_string}\"},\"query-input\":{\"@type\":\"PropertyValueSpecification\",\"valueRequired\":true,\"valueName\":\"search_term_string\"}}],\"inLanguage\":\"gl-ES\"}]}<\/script>\n<!-- \/ Yoast SEO plugin. -->","yoast_head_json":{"title":"Canle de denuncias | Ausolan","robots":{"index":"index","follow":"follow","max-snippet":"max-snippet:-1","max-image-preview":"max-image-preview:large","max-video-preview":"max-video-preview:-1"},"canonical":"https:\/\/www.ausolan.com\/gl\/canle-de-denuncias\/","og_locale":"gl_ES","og_type":"article","og_title":"Canle de denuncias | Ausolan","og_description":"O Programa de Bo Goberno \u00e9 o sistema que creou AUSOLAN para garantir o&nbsp;comportamento \u00e9tico e responsable&nbsp;de AUSOLAN e das persoas que forman parte do Grupo, pero tam\u00e9n daquelas persoas e entidades coas que nos relacionamos no exercicio da nosa actividade. Este Programa \u00e9 unha expresi\u00f3n dos principios que se recollen na&nbsp;Misi\u00f3n de AUSOLAN&nbsp;e dos&nbsp;Valores [&hellip;]","og_url":"https:\/\/www.ausolan.com\/gl\/canle-de-denuncias\/","og_site_name":"Ausolan","article_modified_time":"2026-02-12T09:34:01+00:00","og_image":[{"width":1200,"height":630,"url":"https:\/\/www.ausolan.com\/wp-content\/uploads\/2024\/04\/Ausolan_RRSS_Share.jpg","type":"image\/jpeg"}],"twitter_card":"summary_large_image","twitter_misc":{"Tempo de lectura":"2 minutos"},"schema":{"@context":"https:\/\/schema.org","@graph":[{"@type":"WebPage","@id":"https:\/\/www.ausolan.com\/gl\/canle-de-denuncias\/","url":"https:\/\/www.ausolan.com\/gl\/canle-de-denuncias\/","name":"Canle de denuncias | Ausolan","isPartOf":{"@id":"https:\/\/www.ausolan.com\/gl\/#website"},"datePublished":"2024-01-15T15:35:15+00:00","dateModified":"2026-02-12T09:34:01+00:00","breadcrumb":{"@id":"https:\/\/www.ausolan.com\/gl\/canle-de-denuncias\/#breadcrumb"},"inLanguage":"gl-ES","potentialAction":[{"@type":"ReadAction","target":["https:\/\/www.ausolan.com\/gl\/canle-de-denuncias\/"]}]},{"@type":"BreadcrumbList","@id":"https:\/\/www.ausolan.com\/gl\/canle-de-denuncias\/#breadcrumb","itemListElement":[{"@type":"ListItem","position":1,"name":"Portada","item":"https:\/\/www.ausolan.com\/gl\/"},{"@type":"ListItem","position":2,"name":"Canle de denuncias"}]},{"@type":"WebSite","@id":"https:\/\/www.ausolan.com\/gl\/#website","url":"https:\/\/www.ausolan.com\/gl\/","name":"Ausolan","description":"Restauraci\u00f3n e limpeza colectiva","potentialAction":[{"@type":"SearchAction","target":{"@type":"EntryPoint","urlTemplate":"https:\/\/www.ausolan.com\/gl\/?s={search_term_string}"},"query-input":{"@type":"PropertyValueSpecification","valueRequired":true,"valueName":"search_term_string"}}],"inLanguage":"gl-ES"}]}},"_links":{"self":[{"href":"https:\/\/www.ausolan.com\/gl\/wp-json\/wp\/v2\/pages\/1717","targetHints":{"allow":["GET"]}}],"collection":[{"href":"https:\/\/www.ausolan.com\/gl\/wp-json\/wp\/v2\/pages"}],"about":[{"href":"https:\/\/www.ausolan.com\/gl\/wp-json\/wp\/v2\/types\/page"}],"author":[{"embeddable":true,"href":"https:\/\/www.ausolan.com\/gl\/wp-json\/wp\/v2\/users\/2"}],"replies":[{"embeddable":true,"href":"https:\/\/www.ausolan.com\/gl\/wp-json\/wp\/v2\/comments?post=1717"}],"version-history":[{"count":0,"href":"https:\/\/www.ausolan.com\/gl\/wp-json\/wp\/v2\/pages\/1717\/revisions"}],"wp:attachment":[{"href":"https:\/\/www.ausolan.com\/gl\/wp-json\/wp\/v2\/media?parent=1717"}],"curies":[{"name":"wp","href":"https:\/\/api.w.org\/{rel}","templated":true}]}}