{"id":1715,"date":"2024-03-13T17:13:33","date_gmt":"2024-03-13T16:13:33","guid":{"rendered":"https:\/\/www.ausolan.com\/?page_id=1715"},"modified":"2024-04-10T08:32:21","modified_gmt":"2024-04-10T06:32:21","slug":"politica-integral","status":"publish","type":"page","link":"https:\/\/www.ausolan.com\/gl\/politica-integral\/","title":{"rendered":"Pol\u00edtica integral"},"content":{"rendered":"\n<p><strong>AUSOLAN, somos un grupo empresarial de orixe cooperativa e formamos parte de MONDRAGON Corporaci\u00f3n. <\/strong>Somos expertos na xesti\u00f3n de servizos de restauraci\u00f3n, limpeza e auxiliares que aportan valor aos seus clientes e constru\u00edmos con eles relaci\u00f3ns duradeiras baseadas na confianza que xera a nosa profesionalidade e o cumprimento dos compromisos adquiridos. Inspir\u00e1monos nos principios b\u00e1sicos cooperativos, no compromiso das persoas e baseamos os nosos valores en:<\/p>\n\n\n\n<ol class=\"wp-block-list\">\n<li><strong>A honestidade:<\/strong> En Ausolan cumprimos o que dicimos, e fac\u00e9molo todos os d\u00edas. Por iso creamos relaci\u00f3ns duradeiras baseadas na confianza.<\/li>\n\n\n\n<li><strong>O compromiso:<\/strong> As persoas de Ausolan somos conscientes da importancia que ten rematar o noso traballo no prazo establecido. Encarg\u00e1monos deste traballo con profesionalidade, responsabilidade, implicaci\u00f3n e po\u00f1emos o maior esforzo para acadar un resultado de calidade que satisfaga e supere as expectativas.<\/li>\n\n\n\n<li><strong>A cooperaci\u00f3n:<\/strong> En Ausolan traballamos en equipo, lideramos e coordinamos os nosos esforzos para fomentar o traballo com\u00fan e conseguir os obxectivos compartidos.<\/li>\n\n\n\n<li><strong>A iniciativa:<\/strong> En Ausolan consideramos que o noso maior activo \u00e9 a iniciativa das persoas e a capacidade de xerar soluci\u00f3ns innovadoras que respondan \u00e1s necesidades dos nosos clientes.<\/li>\n<\/ol>\n\n\n\n<p>Entre os nosos principais eixes estrat\u00e9xicos de funcionamento est\u00e1n:<\/p>\n\n\n\n<ol class=\"wp-block-list\">\n<li><em>A seguridade alimentaria:<\/em> a calidade dos nosos produtos e servizos constit\u00fae o factor estrat\u00e9xico esencial que nos compromete a traballar para satisfacer as necesidades e expectativas dos nosos clientes <strong>ao garantirlles unha alimentaci\u00f3n segura e saudable,<\/strong> motivada polo noso <strong>compromiso coa seguridade hixi\u00e9nico-sanitaria,<\/strong> en todos os niveis de la organizaci\u00f3n, <strong>adoptando, implantando e mantendo todas as medidas que se establecen nos plans de autocontrol.<\/strong><\/li>\n\n\n\n<li><em>Ser unha empresa saudable:<\/em> compaxinamos a nosa actividade coa <strong>promoci\u00f3n e protecci\u00f3n da sa\u00fade, seguridade e benestar dos traballadores de xeito continuado, xerando ambientes de traballo saudables,<\/strong> compromet\u00e9ndonos a <strong>eliminar os perigos e reducir os riscos de seguridade e sa\u00fade no traballo,<\/strong> mediante a <strong>consulta e participaci\u00f3n<\/strong> dos traballadores.<\/li>\n\n\n\n<li><em>A sustentabilidade:<\/em> <strong>compaxinamos a nosa actividade coa protecci\u00f3n ambiental,<\/strong> as\u00ed como co <strong>respecto ao medio ambiente e a prevenci\u00f3n da contaminaci\u00f3n,<\/strong> mediante o control de aspectos significativos cunha perspectiva de ciclo de vida, centr\u00e1ndonos especialmente no uso racional dos recursos naturais e na prevenci\u00f3n e tratamento adecuado de residuos, vertidos e emisi\u00f3ns e realizando acci\u00f3ns que fomenten a <strong>econom\u00eda circular,<\/strong> inclu\u00edndo a xesti\u00f3n adecuada dos excedentes alimentarios e a inclusi\u00f3n de produtos e provedores de proximidade, impulsando a econom\u00eda local e mellorando a nosa pegada ambiental.<\/li>\n\n\n\n<li><em>A inclusi\u00f3n da diversidade e a integraci\u00f3n social:<\/em> <strong>respectamos todas as diferenzas individuais<\/strong> de idade, x\u00e9nero, cultura, relixi\u00f3n e orixe \u00e9tnica, polo que obtemos unha <strong>igualdade de oportunidades laborais<\/strong> para todas as persoas, sen ning\u00fan tipo de discriminaci\u00f3n, <strong>dando prioridade aos resultados e m\u00e9ritos no traballo por riba de calquera outra condici\u00f3n, impulsando o desenvolvemento do talento e da participaci\u00f3n, respectando e promovendo o dereito das persoas \u00e1 conciliaci\u00f3n familiar, creando ambientes de traballo que eviten todo tipo de acoso<\/strong> e facilitando a <strong>integraci\u00f3n nos nosos servizos das persoas con discapacidade, <\/strong>xerando as\u00ed <strong>ambientes m\u00e1is inclusivos.<\/strong><\/li>\n\n\n\n<li><em>Bo goberno:<\/em> dese\u00f1amos e aplicamos procedementos corporativos orientados a <strong>favorecer a nosa credibilidade e estabilidade, o que contrib\u00fae a fomentar o crecemento e a xeraci\u00f3n de riqueza, ao tempo que garante as\u00ed o noso futuro;<\/strong> ademais do <strong>cumprimento de todo o marco normativo<\/strong> que se deba aplicar.<\/li>\n<\/ol>\n\n\n\n<p>No marco da pol\u00edtica xeral de Ausolan, establecemos obxectivos que, ao determinar riscos e oportunidades como base previa a calquera planificaci\u00f3n, te\u00f1an en conta o contexto social e empresarial e permitan a mellora continua do rendemento da organizaci\u00f3n. Corresponde \u00e1 Direcci\u00f3n Xeral <strong>realizar o desenvolvemento do Plan Estrat\u00e9xico en Plans de Xesti\u00f3n anuais mediante procesos que definen os obxectivos cualitativos e cuantitativos en materia de sistemas de xesti\u00f3n.<\/strong><\/p>\n\n\n\n<p class=\"has-text-align-left\"><br>Laura Rodr\u00edguez<br>Direcci\u00f3n Xeral<br>Marzo de 2022<\/p>\n","protected":false},"excerpt":{"rendered":"<p>AUSOLAN, somos un grupo empresarial de orixe cooperativa e formamos parte de MONDRAGON Corporaci\u00f3n. Somos expertos na xesti\u00f3n de servizos de restauraci\u00f3n, limpeza e auxiliares que aportan valor aos seus clientes e constru\u00edmos con eles relaci\u00f3ns duradeiras baseadas na confianza que xera a nosa profesionalidade e o cumprimento dos compromisos adquiridos. Inspir\u00e1monos nos principios b\u00e1sicos [&hellip;]<\/p>\n","protected":false},"author":2,"featured_media":0,"parent":0,"menu_order":0,"comment_status":"closed","ping_status":"closed","template":"template-legal.php","meta":{"_acf_changed":false,"footnotes":""},"class_list":["post-1715","page","type-page","status-publish","hentry"],"acf":[],"yoast_head":"<!-- This site is optimized with the Yoast SEO plugin v24.8.1 - https:\/\/yoast.com\/wordpress\/plugins\/seo\/ -->\n<title>Pol\u00edtica integral | Ausolan<\/title>\n<meta name=\"robots\" content=\"index, follow, max-snippet:-1, max-image-preview:large, max-video-preview:-1\" \/>\n<link rel=\"canonical\" href=\"https:\/\/www.ausolan.com\/gl\/politica-integral\/\" \/>\n<meta property=\"og:locale\" content=\"gl_ES\" \/>\n<meta property=\"og:type\" content=\"article\" \/>\n<meta property=\"og:title\" content=\"Pol\u00edtica integral | Ausolan\" \/>\n<meta property=\"og:description\" content=\"AUSOLAN, somos un grupo empresarial de orixe cooperativa e formamos parte de MONDRAGON Corporaci\u00f3n. Somos expertos na xesti\u00f3n de servizos de restauraci\u00f3n, limpeza e auxiliares que aportan valor aos seus clientes e constru\u00edmos con eles relaci\u00f3ns duradeiras baseadas na confianza que xera a nosa profesionalidade e o cumprimento dos compromisos adquiridos. Inspir\u00e1monos nos principios b\u00e1sicos [&hellip;]\" \/>\n<meta property=\"og:url\" content=\"https:\/\/www.ausolan.com\/gl\/politica-integral\/\" \/>\n<meta property=\"og:site_name\" content=\"Ausolan\" \/>\n<meta property=\"article:modified_time\" content=\"2024-04-10T06:32:21+00:00\" \/>\n<meta property=\"og:image\" content=\"https:\/\/www.ausolan.com\/wp-content\/uploads\/2024\/04\/Ausolan_RRSS_Share.jpg\" \/>\n\t<meta property=\"og:image:width\" content=\"1200\" \/>\n\t<meta property=\"og:image:height\" content=\"630\" \/>\n\t<meta property=\"og:image:type\" content=\"image\/jpeg\" \/>\n<meta name=\"twitter:card\" content=\"summary_large_image\" \/>\n<meta name=\"twitter:label1\" content=\"Tempo de lectura\" \/>\n\t<meta name=\"twitter:data1\" content=\"3 minutos\" \/>\n<script type=\"application\/ld+json\" class=\"yoast-schema-graph\">{\"@context\":\"https:\/\/schema.org\",\"@graph\":[{\"@type\":\"WebPage\",\"@id\":\"https:\/\/www.ausolan.com\/gl\/politica-integral\/\",\"url\":\"https:\/\/www.ausolan.com\/gl\/politica-integral\/\",\"name\":\"Pol\u00edtica integral | Ausolan\",\"isPartOf\":{\"@id\":\"https:\/\/www.ausolan.com\/gl\/#website\"},\"datePublished\":\"2024-03-13T16:13:33+00:00\",\"dateModified\":\"2024-04-10T06:32:21+00:00\",\"breadcrumb\":{\"@id\":\"https:\/\/www.ausolan.com\/gl\/politica-integral\/#breadcrumb\"},\"inLanguage\":\"gl-ES\",\"potentialAction\":[{\"@type\":\"ReadAction\",\"target\":[\"https:\/\/www.ausolan.com\/gl\/politica-integral\/\"]}]},{\"@type\":\"BreadcrumbList\",\"@id\":\"https:\/\/www.ausolan.com\/gl\/politica-integral\/#breadcrumb\",\"itemListElement\":[{\"@type\":\"ListItem\",\"position\":1,\"name\":\"Portada\",\"item\":\"https:\/\/www.ausolan.com\/gl\/\"},{\"@type\":\"ListItem\",\"position\":2,\"name\":\"Pol\u00edtica integral\"}]},{\"@type\":\"WebSite\",\"@id\":\"https:\/\/www.ausolan.com\/gl\/#website\",\"url\":\"https:\/\/www.ausolan.com\/gl\/\",\"name\":\"Ausolan\",\"description\":\"Restauraci\u00f3n e limpeza colectiva\",\"potentialAction\":[{\"@type\":\"SearchAction\",\"target\":{\"@type\":\"EntryPoint\",\"urlTemplate\":\"https:\/\/www.ausolan.com\/gl\/?s={search_term_string}\"},\"query-input\":{\"@type\":\"PropertyValueSpecification\",\"valueRequired\":true,\"valueName\":\"search_term_string\"}}],\"inLanguage\":\"gl-ES\"}]}<\/script>\n<!-- \/ Yoast SEO plugin. -->","yoast_head_json":{"title":"Pol\u00edtica integral | Ausolan","robots":{"index":"index","follow":"follow","max-snippet":"max-snippet:-1","max-image-preview":"max-image-preview:large","max-video-preview":"max-video-preview:-1"},"canonical":"https:\/\/www.ausolan.com\/gl\/politica-integral\/","og_locale":"gl_ES","og_type":"article","og_title":"Pol\u00edtica integral | Ausolan","og_description":"AUSOLAN, somos un grupo empresarial de orixe cooperativa e formamos parte de MONDRAGON Corporaci\u00f3n. Somos expertos na xesti\u00f3n de servizos de restauraci\u00f3n, limpeza e auxiliares que aportan valor aos seus clientes e constru\u00edmos con eles relaci\u00f3ns duradeiras baseadas na confianza que xera a nosa profesionalidade e o cumprimento dos compromisos adquiridos. Inspir\u00e1monos nos principios b\u00e1sicos [&hellip;]","og_url":"https:\/\/www.ausolan.com\/gl\/politica-integral\/","og_site_name":"Ausolan","article_modified_time":"2024-04-10T06:32:21+00:00","og_image":[{"width":1200,"height":630,"url":"https:\/\/www.ausolan.com\/wp-content\/uploads\/2024\/04\/Ausolan_RRSS_Share.jpg","type":"image\/jpeg"}],"twitter_card":"summary_large_image","twitter_misc":{"Tempo de lectura":"3 minutos"},"schema":{"@context":"https:\/\/schema.org","@graph":[{"@type":"WebPage","@id":"https:\/\/www.ausolan.com\/gl\/politica-integral\/","url":"https:\/\/www.ausolan.com\/gl\/politica-integral\/","name":"Pol\u00edtica integral | Ausolan","isPartOf":{"@id":"https:\/\/www.ausolan.com\/gl\/#website"},"datePublished":"2024-03-13T16:13:33+00:00","dateModified":"2024-04-10T06:32:21+00:00","breadcrumb":{"@id":"https:\/\/www.ausolan.com\/gl\/politica-integral\/#breadcrumb"},"inLanguage":"gl-ES","potentialAction":[{"@type":"ReadAction","target":["https:\/\/www.ausolan.com\/gl\/politica-integral\/"]}]},{"@type":"BreadcrumbList","@id":"https:\/\/www.ausolan.com\/gl\/politica-integral\/#breadcrumb","itemListElement":[{"@type":"ListItem","position":1,"name":"Portada","item":"https:\/\/www.ausolan.com\/gl\/"},{"@type":"ListItem","position":2,"name":"Pol\u00edtica integral"}]},{"@type":"WebSite","@id":"https:\/\/www.ausolan.com\/gl\/#website","url":"https:\/\/www.ausolan.com\/gl\/","name":"Ausolan","description":"Restauraci\u00f3n e limpeza colectiva","potentialAction":[{"@type":"SearchAction","target":{"@type":"EntryPoint","urlTemplate":"https:\/\/www.ausolan.com\/gl\/?s={search_term_string}"},"query-input":{"@type":"PropertyValueSpecification","valueRequired":true,"valueName":"search_term_string"}}],"inLanguage":"gl-ES"}]}},"_links":{"self":[{"href":"https:\/\/www.ausolan.com\/gl\/wp-json\/wp\/v2\/pages\/1715","targetHints":{"allow":["GET"]}}],"collection":[{"href":"https:\/\/www.ausolan.com\/gl\/wp-json\/wp\/v2\/pages"}],"about":[{"href":"https:\/\/www.ausolan.com\/gl\/wp-json\/wp\/v2\/types\/page"}],"author":[{"embeddable":true,"href":"https:\/\/www.ausolan.com\/gl\/wp-json\/wp\/v2\/users\/2"}],"replies":[{"embeddable":true,"href":"https:\/\/www.ausolan.com\/gl\/wp-json\/wp\/v2\/comments?post=1715"}],"version-history":[{"count":0,"href":"https:\/\/www.ausolan.com\/gl\/wp-json\/wp\/v2\/pages\/1715\/revisions"}],"wp:attachment":[{"href":"https:\/\/www.ausolan.com\/gl\/wp-json\/wp\/v2\/media?parent=1715"}],"curies":[{"name":"wp","href":"https:\/\/api.w.org\/{rel}","templated":true}]}}