{"id":2049,"date":"2024-01-15T16:31:56","date_gmt":"2024-01-15T15:31:56","guid":{"rendered":"https:\/\/www.ausolan.com\/?page_id=2049"},"modified":"2024-04-10T08:59:04","modified_gmt":"2024-04-10T06:59:04","slug":"avis-legal","status":"publish","type":"page","link":"https:\/\/www.ausolan.com\/ca\/avis-legal\/","title":{"rendered":"Av\u00eds legal"},"content":{"rendered":"\n<p>AUZO LAGUN, S.COOP (d\u2019ara endavant, \u00abAUSOLAN\u00bb) \u00e9s una cooperativa amb domicili a l\u2019avinguda Uribarri, 35, 20500, Arrasate-Mondrag\u00f3n (Guip\u00fascoa), C.I.F. F-20032553 i inscrita al Registre de Cooperatives d\u2019Euskadi, Foli 23, Seient 4, N\u00famero 1361.<\/p>\n\n\n\n<p>AUSOLAN \u00e9s la titular de tots els drets de propietat intel\u00b7lectual, o de qualsevol altre tipus, sobre el Lloc Web d\u2019AUSOLAN (d\u2019ara endavant, \u00abLloc Web\u00bb). L\u2019acc\u00e9s i l\u2019\u00fas del Lloc Web per part dels usuaris (d\u2019ara endavant, \u00abUsuari\u00bb o \u00abUsuaris\u00bb) estan subjectes a aquestes Condicions d\u2019\u00fas (d\u2019ara endavant, \u00abCondicions d\u2019\u00das\u00bb), les quals es poden complementar amb qualsevol altre text legal que reguli qualsevol funcionalitat, servei, proc\u00e9s, aplicaci\u00f3, plataforma o mitjans necessaris per a l\u2019\u00fas del Lloc Web.<\/p>\n\n\n\n<p>L\u2019acc\u00e9s a aquest Lloc Web i la navegaci\u00f3 atribueix la condici\u00f3 d\u2019Usuari, que reconeix haver llegit i accepta aquestes Condicions d\u2019\u00das, aix\u00ed com les Pol\u00edtiques de privacitat i de galetes. El fet d\u2019accedir al Lloc Web i utilitzar els seus materials implica que l\u2019Usuari ha llegit i accepta, sense cap reserva, aquestes Condicions d\u2019\u00das. Si no est\u00e0 d\u2019acord amb la totalitat o una part de les Condicions, s\u2019ha d\u2019abstenir d\u2019utilitzar el Lloc Web.<\/p>\n\n\n\n<ol class=\"wp-block-list\" start=\"1\">\n<li>OBJECTE<\/li>\n<\/ol>\n\n\n\n<p>El Lloc Web est\u00e0 concebut com un espai que permet a l\u2019Usuari accedir a diversos continguts, not\u00edcies, informaci\u00f3 corporativa i informaci\u00f3 detallada sobre els diferents serveis que oferim. En particular, el Lloc Web permet con\u00e8ixer els nostres serveis de restauraci\u00f3, neteja, organitzaci\u00f3 d\u2019esdeveniments, c\u00e0tering gurmet i altres serveis on puguem dur a terme la nostra activitat.<\/p>\n\n\n\n<p>El Lloc Web tamb\u00e9 constitueix un canal de comunicaci\u00f3 per a clients o clients potencials que volen sol\u00b7licitar algun tipus d\u2019informaci\u00f3 o plantejar suggeriments, aix\u00ed com per als candidats que vulguin participar en futurs processos de selecci\u00f3 de personal.<\/p>\n\n\n\n<ol class=\"wp-block-list\" start=\"2\">\n<li>COMPROMISOS DELS USUARIS<\/li>\n<\/ol>\n\n\n\n<p>Amb car\u00e0cter general, l\u2019Usuari s\u2019obliga al compliment d\u2019aquestes Condicions d\u2019\u00das, dels avisos o les instruccions d\u2019\u00fas especials que s\u2019hi inclouen i a actuar sempre d\u2019acord amb la Llei en vigor, la moral, els bons costums i les exig\u00e8ncies de la bona fe i l\u2019ordre p\u00fablic establert, emprant la dilig\u00e8ncia deguda i abstenint-se d\u2019utilitzar el Lloc Web de qualsevol manera que pugui impedir, danyar o deteriorar-ne el funcionament normal, els bens o els drets d\u2019AUSOLAN, la resta d\u2019Usuaris o, en general, de qualsevol tercer.<\/p>\n\n\n\n<p>Concretament, i sense que aix\u00f2 impliqui cap restricci\u00f3 a l\u2019apartat anterior, l\u2019Usuari s\u2019obliga a:<\/p>\n\n\n\n<ol class=\"wp-block-list\" start=\"1\" style=\"list-style-type:lower-alpha\">\n<li>Proveir-se de tots els mitjans i els requeriments t\u00e8cnics necessaris per accedir al Lloc Web.<\/li>\n\n\n\n<li>Facilitar informaci\u00f3 vera\u00e7 sobre les dades sol\u00b7licitades a trav\u00e9s dels formularis facilitats per AUSOLAN per a l\u2019acc\u00e9s a determinats continguts o serveis oferts a trav\u00e9s del Lloc Web i a mantenir-les actualitzades. AUSOLAN es reserva la facultat, sense perjudici d\u2019altres mesures legals que teniu a la vostra disposici\u00f3, de retirar, denegar o suspendre l\u2019acc\u00e9s al Lloc Web si les dades proporcionades s\u00f3n, poden ser, falses, inexactes o enganyoses. En qualsevol cas, l\u2019usuari \u00e9s plenament responsable de les dades o els continguts que transmeti o comuniqui a AUSOLAN. En aquest sentit, l\u2019Usuari assumeix la responsabilitat pels danys i els perjudicis que puguin derivar-se de la falsedat i l\u2019\u00fas indegut de les dades.<\/li>\n\n\n\n<li>L\u2019Usuari no pot introduir, emmagatzemar ni difondre mitjan\u00e7ant el Lloc Web cap programa, dada, virus, codi o qualsevol altre dispositiu electr\u00f2nic o f\u00edsic que sigui susceptible de causar-hi danys, en qualsevol dels serveis o dels equips, sistemes o xarxes d\u2019AUSOLAN, de qualsevol altre Usuari o, en general, de qualsevol tercer.<\/li>\n\n\n\n<li>Tampoc pot alterar, copiar, descarregar, modificar, descompilar, desencadellar, realitzar enginyeria inversa, atorgar llic\u00e8ncies, arrendar, vendre o imitar el Lloc Web, els seus continguts o el programari de base.<\/li>\n<\/ol>\n\n\n\n<ol class=\"wp-block-list\" start=\"3\">\n<li>RESPONSABILITATS<\/li>\n<\/ol>\n\n\n\n<p>AUSOLAN no es fa responsable dels perjudicis que es puguin derivar d\u2019interfer\u00e8ncies, omissions, interrupcions, virus inform\u00e0tics, avaries o desconnexions en el funcionament operatiu del sistema electr\u00f2nic o en els aparells i equips inform\u00e0tics dels usuaris, motivats per causes alienes a AUSOLAN, que impedeixin o retardin la navegaci\u00f3 al Lloc Web; ni dels retards o bloqueigs en l\u2019\u00fas per defici\u00e8ncies o sobrec\u00e0rregues d\u2019internet o en altres sistemes electr\u00f2nics, ni de la impossibilitat de prestar el servei o permetre l\u2019acc\u00e9s per causes no imputables a AUSOLAN, per\u00f2 imputables a l\u2019Usuari, a tercers o a sup\u00f2sits de for\u00e7a major.<\/p>\n\n\n\n<p>Tot i aix\u00f2, AUSOLAN declara que ha adoptat i adoptar\u00e0, si escau, totes les mesures necess\u00e0ries, dins de les seves possibilitats i de l&#8217;estat de la tecnologia, per garantir el correcte funcionament del Lloc Web i evitar l\u2019exist\u00e8ncia i la transmissi\u00f3 de virus i altres components nocius als Usuaris.<\/p>\n\n\n\n<p>AUSOLAN es reserva el dret a interrompre l\u2019acc\u00e9s al Lloc Web en qualsevol moment i sense av\u00eds previ, tant per motius t\u00e8cnics com de seguretat, control, manteniment, per fallades de subministrament el\u00e8ctric o per qualsevol altra causa. Amb car\u00e0cter general, AUSOLAN no controla la utilitzaci\u00f3 que els Usuaris fan del Lloc Web.<\/p>\n\n\n\n<p>AUSOLAN no es fa responsable de la utilitzaci\u00f3 que l\u2019Usuari fa del contingut del Lloc Web i que pugui comportar una violaci\u00f3 de qualsevol tipus de norma, nacional o internacional, dels drets de propietat intel\u00b7lectual o industrial, o de qualsevol altre dret de tercers.<\/p>\n\n\n\n<p>AUSOLAN no es fa responsable dels errors ni les omissions en el contingut del Lloc Web o altres llocs als quals es pugui accedir a trav\u00e9s del seu Lloc Web. AUSOLAN tampoc podr\u00e0 ser considerada responsable de cap dany derivat de la utilitzaci\u00f3 del Lloc Web, ni de cap actuaci\u00f3 que es dugui a terme sobre la base de la informaci\u00f3 que s\u2019hi facilita.<\/p>\n\n\n\n<p>AUSOLAN no garanteix l\u2019abs\u00e8ncia de virus ni altres elements lesius que puguin causar danys o alteracions al sistema inform\u00e0tic, els documents electr\u00f2nics o els fitxers de l\u2019Usuari del Lloc Web. Aix\u00ed, AUSOLAN no respondr\u00e0 pels danys ni els perjudicis que aquests elements puguin provocar a l\u2019Usuari o a tercers.<\/p>\n\n\n\n<ol class=\"wp-block-list\" start=\"4\">\n<li>PROPIETAT INTEL\u00b7LECTUAL I INDUSTRIAL<\/li>\n<\/ol>\n\n\n\n<p>Tots els drets de propietat intel\u00b7lectual i industrial, i de qualsevol altre que pugui recaure sobre el Lloc Web, aix\u00ed com tota la informaci\u00f3 continguda (inclosa la seva informaci\u00f3, els textos, les dades, les imatges, els gr\u00e0fics, els dissenys, el codi font, el programari i les marques), les estructures de navegaci\u00f3, les bases de dades, etc., i qualsevol altre contingut que hi aparegui s\u00f3n propietat exclusiva d\u2019AUSOLAN.<\/p>\n\n\n\n<p>L\u2019Usuari es compromet a respectar els drets de propietat intel\u00b7lectual i industrial titularitat d\u2019AUSOLAN. L\u2019Usuari nom\u00e9s pots visualitzar els elements del portal per a \u00fas personal i privat. En aquest sentit, queda expressament prohibit a l\u2019Usuari la reproducci\u00f3, la transmissi\u00f3, la transformaci\u00f3, la distribuci\u00f3, la comunicaci\u00f3 p\u00fablica, la posada a disposici\u00f3, l\u2019extracci\u00f3, la reutilitzaci\u00f3, l\u2019explotaci\u00f3 o la utilitzaci\u00f3 de qualsevol naturalesa, per qualsevol mitj\u00e0 o procediment, de qualsevol element, llevat en els casos que estigui legalment perm\u00e8s o sigui autoritzat de forma expressa i per escrit per AUSOLAN.<\/p>\n\n\n\n<p>Queda expressament prohibit a l\u2019Usuari la supressi\u00f3, l\u2019alteraci\u00f3, la manipulaci\u00f3 i la modificaci\u00f3 de qualsevol contingut del Lloc Web, aix\u00ed com de qualsevol dispositiu de protecci\u00f3 o sistema de seguretat que hi estigui instal\u00b7lat.<\/p>\n\n\n\n<ol class=\"wp-block-list\" start=\"5\">\n<li>PROTECCI\u00d3 DE DADES<\/li>\n<\/ol>\n\n\n\n<p>Per accedir i navegar al Lloc Web, l\u2019Usuari no t\u00e9 l\u2019obligaci\u00f3 d\u2019inscriure-s\u2019hi. No obstant aix\u00f2, per accedir a determinats serveis del Lloc Web, ha de facilitar les dades personals necess\u00e0ries establertes pel formulari corresponent.<\/p>\n\n\n\n<p>Per completar cada formulari, l\u2019Usuari ha d\u2019acceptar una cl\u00e0usula de condicions de tractament de dades personals on se li facilita tota la informaci\u00f3 conforme a la legislaci\u00f3 vigent en mat\u00e8ria de protecci\u00f3 de dades personals.<\/p>\n\n\n\n<p>AUSOLAN es compromet a tractar la informaci\u00f3 personal facilitada, d\u2019una manera l\u00edcita, lleial i transparent. Aquests tractaments seran adequats, pertinents i limitats al que sigui necessari en relaci\u00f3 amb la seva finalitat.<\/p>\n\n\n\n<p>Els Usuaris poden consultar tota la informaci\u00f3 relacionada a la Pol\u00edtica de privacitat.<\/p>\n\n\n\n<ol class=\"wp-block-list\" start=\"6\">\n<li>ENLLA\u00c7OS DE TERCERS<\/li>\n<\/ol>\n\n\n\n<p>Aquestes Condicions d\u2019\u00das afecten nom\u00e9s al Lloc Web i als continguts d\u2019AUSOLAN, i no s\u2019apliquen a enlla\u00e7os i p\u00e0gines web de tercers accessibles a trav\u00e9s del Lloc Web o, en general, a cap altre servei proporcionat per tercers.<\/p>\n\n\n\n<p>AUSOLAN pot posar a disposici\u00f3 de l\u2019Usuari enlla\u00e7os o hipervincles a altres llocs web que s\u00f3n propietat o gestionats per tercers. AUSOLAN no exerceix cap tipus de control sobre la informaci\u00f3, els continguts, els productes o els serveis facilitats per aquests llocs. L&#8217;acc\u00e9s a aquestes a trav\u00e9s d\u2019aquest Lloc Web tampoc no implica que AUSOLAN recomani ni n\u2019aprovi el contingut.<\/p>\n\n\n\n<p>AUSOLAN no assumeix cap mena de responsabilitat, en cap cas, pels continguts d\u2019algun enlla\u00e7 a un lloc web ali\u00e8, ni garanteix la disponibilitat t\u00e8cnica, la qualitat, la fiabilitat, l\u2019exactitud, l\u2019amplitud, la veracitat i la validesa de cap material o informaci\u00f3 inclosos en aquests hipervincles o altres llocs d\u2019internet.<\/p>\n\n\n\n<p>En tot cas, \u00e9s responsabilitat de l\u2019Usuari llegir i acceptar les condicions d\u2019\u00fas i les pol\u00edtiques de privacitat d\u2019aquests llocs web.<\/p>\n\n\n\n<ol class=\"wp-block-list\" start=\"7\">\n<li>\u00daS DE GALETES<\/li>\n<\/ol>\n\n\n\n<p>En algunes ocasions, aquest Lloc Web utilitza galetes, petits fitxers de dades que es generen a l\u2019ordinador de l\u2019Usuari i que permeten obtenir-ne informaci\u00f3. L\u2019Usuari t\u00e9 l\u2019opci\u00f3 de rebutjar la generaci\u00f3 de galetes marcant l\u2019opci\u00f3 corresponent opci\u00f3 en el navegador. Tot i aix\u00f2, desactivar l\u2019\u00fas de galetes pot impedir el bon funcionament del Lloc Web. Trobareu m\u00e9s informaci\u00f3 a la Pol\u00edtica de galetes.<\/p>\n\n\n\n<ol class=\"wp-block-list\" start=\"8\">\n<li>M\u00c8TODES DE COMUNICACI\u00d3 I NOTIFICACI\u00d3<\/li>\n<\/ol>\n\n\n\n<p>Als efectes d\u2019aquestes Condicions d\u2019\u00das, qualsevol comunicaci\u00f3 que sigui necess\u00e0ria entre l\u2019Usuari i AUSOLAN s\u2019ha de fer a trav\u00e9s dels canals seg\u00fcents:<\/p>\n\n\n\n<ul class=\"wp-block-list\">\n<li>Presencialment o mitjan\u00e7ant una comunicaci\u00f3 per correu postal adre\u00e7ada a la seu central (al domicili indicat a l\u2019inici d\u2019aquest document).<\/li>\n\n\n\n<li>A l\u2019adre\u00e7a electr\u00f2nica:&nbsp;<a href=\"mailto:ausolan@ausolan.com\">ausolan@ausolan.com<\/a>.<\/li>\n\n\n\n<li>Al n\u00famero de tel\u00e8fon: 607400333.<\/li>\n<\/ul>\n\n\n\n<p>AUSOLAN respecta els drets de tercers i la legislaci\u00f3 aplicable. L\u2019Usuari del Lloc Web est\u00e0 obligat a fer el mateix. Si hi ha incid\u00e8ncies t\u00e8cniques en el funcionament del Lloc Web o si en alguna de les seccions hi ha inexactituds o continguts contraris a la legislaci\u00f3, podeu fer \u00fas dels mitjans de contacte anteriors per notificar-ho.<\/p>\n\n\n\n<ol class=\"wp-block-list\" start=\"9\">\n<li>INDEPEND\u00c8NCIA I INTEGRACI\u00d3 DE LES CL\u00c0USULES<\/li>\n<\/ol>\n\n\n\n<p>La il\u00b7licitud, la invalidesa o la inefic\u00e0cia de qualsevol de les cl\u00e0usules d\u2019aquestes Condicions d\u2019\u00das no afecta l\u2019efic\u00e0cia de la resta, sempre que els drets i les obligacions de les parts derivades de les Condicions d\u2019\u00das no es vegin afectats d\u2019una manera essencial. S\u2019ent\u00e9n per essencial qualsevol situaci\u00f3 que lesioni greument els interessos de qualsevol de les parts o que recaigui sobre l\u2019objecte d\u2019aquestes Condicions d\u2019\u00das. Aquestes cl\u00e0usules s\u2019han de substituir o integrar per d\u2019altres que, conformes a la llei, responguin a la finalitat de les originals. Les parts renuncien a qualsevol reclamaci\u00f3 per danys i perjudicis per aquesta circumst\u00e0ncia.<\/p>\n\n\n\n<ol class=\"wp-block-list\" start=\"10\">\n<li>LLEI APLICABLE I JURISDICCI\u00d3<\/li>\n<\/ol>\n\n\n\n<p>L\u2019acc\u00e9s al Lloc Web implica l\u2019acceptaci\u00f3 per l\u2019Usuari del que s\u2019estableix en aquestes Condicions d\u2019\u00das. Si no esteu d\u2019acord amb aquestes Condicions d\u2019\u00das, absteniu-vos de visitar o utilitzar el Lloc Web. Qualsevol controv\u00e8rsia relacionada amb aquestes Condicions es regir\u00e0 per la legislaci\u00f3 comuna espanyola, i l\u2019Usuari renuncia expressament al fur que li correspongui i accepta sotmetre\u2019s als Jutjats i Tribunals de Bergara (Guip\u00fascoa).<\/p>\n","protected":false},"excerpt":{"rendered":"<p>AUZO LAGUN, S.COOP (d\u2019ara endavant, \u00abAUSOLAN\u00bb) \u00e9s una cooperativa amb domicili a l\u2019avinguda Uribarri, 35, 20500, Arrasate-Mondrag\u00f3n (Guip\u00fascoa), C.I.F. F-20032553 i inscrita al Registre de Cooperatives d\u2019Euskadi, Foli 23, Seient 4, N\u00famero 1361. AUSOLAN \u00e9s la titular de tots els drets de propietat intel\u00b7lectual, o de qualsevol altre tipus, sobre el Lloc Web d\u2019AUSOLAN (d\u2019ara [&hellip;]<\/p>\n","protected":false},"author":2,"featured_media":0,"parent":0,"menu_order":0,"comment_status":"closed","ping_status":"closed","template":"template-legal.php","meta":{"_acf_changed":false,"footnotes":""},"class_list":["post-2049","page","type-page","status-publish","hentry"],"acf":[],"yoast_head":"<!-- This site is optimized with the Yoast SEO plugin v24.8.1 - https:\/\/yoast.com\/wordpress\/plugins\/seo\/ -->\n<title>Av\u00eds legal | Ausolan<\/title>\n<meta name=\"robots\" content=\"index, follow, max-snippet:-1, max-image-preview:large, max-video-preview:-1\" \/>\n<link rel=\"canonical\" href=\"https:\/\/www.ausolan.com\/ca\/avis-legal\/\" \/>\n<meta property=\"og:locale\" content=\"ca_ES\" \/>\n<meta property=\"og:type\" content=\"article\" \/>\n<meta property=\"og:title\" content=\"Av\u00eds legal | Ausolan\" \/>\n<meta property=\"og:description\" content=\"AUZO LAGUN, S.COOP (d\u2019ara endavant, \u00abAUSOLAN\u00bb) \u00e9s una cooperativa amb domicili a l\u2019avinguda Uribarri, 35, 20500, Arrasate-Mondrag\u00f3n (Guip\u00fascoa), C.I.F. F-20032553 i inscrita al Registre de Cooperatives d\u2019Euskadi, Foli 23, Seient 4, N\u00famero 1361. AUSOLAN \u00e9s la titular de tots els drets de propietat intel\u00b7lectual, o de qualsevol altre tipus, sobre el Lloc Web d\u2019AUSOLAN (d\u2019ara [&hellip;]\" \/>\n<meta property=\"og:url\" content=\"https:\/\/www.ausolan.com\/ca\/avis-legal\/\" \/>\n<meta property=\"og:site_name\" content=\"Ausolan\" \/>\n<meta property=\"article:modified_time\" content=\"2024-04-10T06:59:04+00:00\" \/>\n<meta property=\"og:image\" content=\"https:\/\/www.ausolan.com\/wp-content\/uploads\/2024\/04\/Ausolan_RRSS_Share.jpg\" \/>\n\t<meta property=\"og:image:width\" content=\"1200\" \/>\n\t<meta property=\"og:image:height\" content=\"630\" \/>\n\t<meta property=\"og:image:type\" content=\"image\/jpeg\" \/>\n<meta name=\"twitter:card\" content=\"summary_large_image\" \/>\n<meta name=\"twitter:label1\" content=\"Temps estimat de lectura\" \/>\n\t<meta name=\"twitter:data1\" content=\"9 minuts\" \/>\n<script type=\"application\/ld+json\" class=\"yoast-schema-graph\">{\"@context\":\"https:\/\/schema.org\",\"@graph\":[{\"@type\":\"WebPage\",\"@id\":\"https:\/\/www.ausolan.com\/ca\/avis-legal\/\",\"url\":\"https:\/\/www.ausolan.com\/ca\/avis-legal\/\",\"name\":\"Av\u00eds legal | Ausolan\",\"isPartOf\":{\"@id\":\"https:\/\/www.ausolan.com\/ca\/#website\"},\"datePublished\":\"2024-01-15T15:31:56+00:00\",\"dateModified\":\"2024-04-10T06:59:04+00:00\",\"breadcrumb\":{\"@id\":\"https:\/\/www.ausolan.com\/ca\/avis-legal\/#breadcrumb\"},\"inLanguage\":\"ca\",\"potentialAction\":[{\"@type\":\"ReadAction\",\"target\":[\"https:\/\/www.ausolan.com\/ca\/avis-legal\/\"]}]},{\"@type\":\"BreadcrumbList\",\"@id\":\"https:\/\/www.ausolan.com\/ca\/avis-legal\/#breadcrumb\",\"itemListElement\":[{\"@type\":\"ListItem\",\"position\":1,\"name\":\"Portada\",\"item\":\"https:\/\/www.ausolan.com\/ca\/\"},{\"@type\":\"ListItem\",\"position\":2,\"name\":\"Av\u00eds legal\"}]},{\"@type\":\"WebSite\",\"@id\":\"https:\/\/www.ausolan.com\/ca\/#website\",\"url\":\"https:\/\/www.ausolan.com\/ca\/\",\"name\":\"Ausolan\",\"description\":\"Restauraci\u00f3 i neteja col\u00b7lectiva\",\"potentialAction\":[{\"@type\":\"SearchAction\",\"target\":{\"@type\":\"EntryPoint\",\"urlTemplate\":\"https:\/\/www.ausolan.com\/ca\/?s={search_term_string}\"},\"query-input\":{\"@type\":\"PropertyValueSpecification\",\"valueRequired\":true,\"valueName\":\"search_term_string\"}}],\"inLanguage\":\"ca\"}]}<\/script>\n<!-- \/ Yoast SEO plugin. -->","yoast_head_json":{"title":"Av\u00eds legal | Ausolan","robots":{"index":"index","follow":"follow","max-snippet":"max-snippet:-1","max-image-preview":"max-image-preview:large","max-video-preview":"max-video-preview:-1"},"canonical":"https:\/\/www.ausolan.com\/ca\/avis-legal\/","og_locale":"ca_ES","og_type":"article","og_title":"Av\u00eds legal | Ausolan","og_description":"AUZO LAGUN, S.COOP (d\u2019ara endavant, \u00abAUSOLAN\u00bb) \u00e9s una cooperativa amb domicili a l\u2019avinguda Uribarri, 35, 20500, Arrasate-Mondrag\u00f3n (Guip\u00fascoa), C.I.F. F-20032553 i inscrita al Registre de Cooperatives d\u2019Euskadi, Foli 23, Seient 4, N\u00famero 1361. AUSOLAN \u00e9s la titular de tots els drets de propietat intel\u00b7lectual, o de qualsevol altre tipus, sobre el Lloc Web d\u2019AUSOLAN (d\u2019ara [&hellip;]","og_url":"https:\/\/www.ausolan.com\/ca\/avis-legal\/","og_site_name":"Ausolan","article_modified_time":"2024-04-10T06:59:04+00:00","og_image":[{"width":1200,"height":630,"url":"https:\/\/www.ausolan.com\/wp-content\/uploads\/2024\/04\/Ausolan_RRSS_Share.jpg","type":"image\/jpeg"}],"twitter_card":"summary_large_image","twitter_misc":{"Temps estimat de lectura":"9 minuts"},"schema":{"@context":"https:\/\/schema.org","@graph":[{"@type":"WebPage","@id":"https:\/\/www.ausolan.com\/ca\/avis-legal\/","url":"https:\/\/www.ausolan.com\/ca\/avis-legal\/","name":"Av\u00eds legal | Ausolan","isPartOf":{"@id":"https:\/\/www.ausolan.com\/ca\/#website"},"datePublished":"2024-01-15T15:31:56+00:00","dateModified":"2024-04-10T06:59:04+00:00","breadcrumb":{"@id":"https:\/\/www.ausolan.com\/ca\/avis-legal\/#breadcrumb"},"inLanguage":"ca","potentialAction":[{"@type":"ReadAction","target":["https:\/\/www.ausolan.com\/ca\/avis-legal\/"]}]},{"@type":"BreadcrumbList","@id":"https:\/\/www.ausolan.com\/ca\/avis-legal\/#breadcrumb","itemListElement":[{"@type":"ListItem","position":1,"name":"Portada","item":"https:\/\/www.ausolan.com\/ca\/"},{"@type":"ListItem","position":2,"name":"Av\u00eds legal"}]},{"@type":"WebSite","@id":"https:\/\/www.ausolan.com\/ca\/#website","url":"https:\/\/www.ausolan.com\/ca\/","name":"Ausolan","description":"Restauraci\u00f3 i neteja col\u00b7lectiva","potentialAction":[{"@type":"SearchAction","target":{"@type":"EntryPoint","urlTemplate":"https:\/\/www.ausolan.com\/ca\/?s={search_term_string}"},"query-input":{"@type":"PropertyValueSpecification","valueRequired":true,"valueName":"search_term_string"}}],"inLanguage":"ca"}]}},"_links":{"self":[{"href":"https:\/\/www.ausolan.com\/ca\/wp-json\/wp\/v2\/pages\/2049","targetHints":{"allow":["GET"]}}],"collection":[{"href":"https:\/\/www.ausolan.com\/ca\/wp-json\/wp\/v2\/pages"}],"about":[{"href":"https:\/\/www.ausolan.com\/ca\/wp-json\/wp\/v2\/types\/page"}],"author":[{"embeddable":true,"href":"https:\/\/www.ausolan.com\/ca\/wp-json\/wp\/v2\/users\/2"}],"replies":[{"embeddable":true,"href":"https:\/\/www.ausolan.com\/ca\/wp-json\/wp\/v2\/comments?post=2049"}],"version-history":[{"count":0,"href":"https:\/\/www.ausolan.com\/ca\/wp-json\/wp\/v2\/pages\/2049\/revisions"}],"wp:attachment":[{"href":"https:\/\/www.ausolan.com\/ca\/wp-json\/wp\/v2\/media?parent=2049"}],"curies":[{"name":"wp","href":"https:\/\/api.w.org\/{rel}","templated":true}]}}